{"id":4200,"date":"2025-12-12T15:15:10","date_gmt":"2025-12-12T14:15:10","guid":{"rendered":"https:\/\/pelletslenaecologica.es\/?post_type=product&#038;p=4200"},"modified":"2025-12-12T15:15:10","modified_gmt":"2025-12-12T14:15:10","slug":"lena-45-cm-lena-mixta-palet-2-m3-33-estereos","status":"publish","type":"product","link":"https:\/\/pelletslenaecologica.es\/?product=lena-45-cm-lena-mixta-palet-2-m3-33-estereos","title":{"rendered":"Le\u00f1a \u2013 45 cm \u2013 Le\u00f1a mixta \u2013 Palet 2 m3 \u2013 3,3 est\u00e9reos"},"content":{"rendered":"<p>Descripci\u00f3n<br \/>\nEste pal\u00e9 de madera de 2 metros de altura es f\u00e1cil de almacenar (sujeto a disponibilidad) y garantiza la recepci\u00f3n de la cantidad de contenedores que solicite.<\/p>\n<p>El pal\u00e9 contiene varios tipos de madera, exclusivamente madera dura. Esto es ideal para un buen equilibrio entre brasas y llamas abiertas.<\/p>\n<p>La le\u00f1a se divide cuidadosamente en troncos de 45 cm, el tama\u00f1o ideal para una chimenea o estufa.<\/p>\n<p>\u00bfLe\u00f1a pesada o ligera?<\/p>\n<p>La le\u00f1a ligera es f\u00e1cil de encender, pero arde muy r\u00e1pido (\u00e1lamo, arce, tilo, aliso, etc.).<\/p>\n<p>La madera pesada es m\u00e1s dif\u00edcil de encender, pero tiene un alto poder calor\u00edfico y arde lentamente.<\/p>\n<p>Le recomendamos encarecidamente no quemar le\u00f1a blanda en su estufa de le\u00f1a, ya que obstruye el sistema de calefacci\u00f3n, produce mucho humo y emite chispas al arder (fuego abierto).<\/p>\n<p>Evite quemar maderas que se rompan, como el casta\u00f1o y el sicomoro, ya que liberan brasas y no deben usarse en chimeneas. Evite las maderas que se pegan entre s\u00ed, como las blandas y las muy h\u00famedas, ya que producen mucho humo y depositan resina en los troncos.<\/p>\n<p>Datos t\u00e9cnicos<br \/>\nCertificados: PEFC<br \/>\nContenido de humedad: 20 %.<\/p>\n<p>Especies: Madera dura mixta<br \/>\nVolumen en m\u00b3: 2 m\u00b3<br \/>\nVolumen en GBP: 3,3 GBP<br \/>\nDimensiones del pal\u00e9: 120 x 95 x 200 cm (ancho x ancho x alto)<br \/>\nT\u00e9cnica de secado: Secado al aire libre<br \/>\nTipo de madera: Madera dura<br \/>\nLongitud: 45 cm<br \/>\nEmbalaje: Pal\u00e9<\/p>\n","protected":false},"excerpt":{"rendered":"<p>Palete de 2M3 ou 3,3 esteres de madeira, toros fendidos de 45 cm, mistura de madeiras de folhosas (freixo, faia e carpa), secagem natural.<\/p>\n","protected":false},"featured_media":4201,"template":"","meta":[],"product_brand":[],"product_cat":[158],"product_tag":[],"class_list":{"0":"post-4200","1":"product","2":"type-product","3":"status-publish","4":"has-post-thumbnail","6":"product_cat-lena","8":"first","9":"instock","10":"sale","11":"shipping-taxable","12":"purchasable","13":"product-type-simple"},"jetpack_sharing_enabled":true,"_links":{"self":[{"href":"https:\/\/pelletslenaecologica.es\/index.php?rest_route=\/wp\/v2\/product\/4200","targetHints":{"allow":["GET"]}}],"collection":[{"href":"https:\/\/pelletslenaecologica.es\/index.php?rest_route=\/wp\/v2\/product"}],"about":[{"href":"https:\/\/pelletslenaecologica.es\/index.php?rest_route=\/wp\/v2\/types\/product"}],"wp:featuredmedia":[{"embeddable":true,"href":"https:\/\/pelletslenaecologica.es\/index.php?rest_route=\/wp\/v2\/media\/4201"}],"wp:attachment":[{"href":"https:\/\/pelletslenaecologica.es\/index.php?rest_route=%2Fwp%2Fv2%2Fmedia&parent=4200"}],"wp:term":[{"taxonomy":"product_brand","embeddable":true,"href":"https:\/\/pelletslenaecologica.es\/index.php?rest_route=%2Fwp%2Fv2%2Fproduct_brand&post=4200"},{"taxonomy":"product_cat","embeddable":true,"href":"https:\/\/pelletslenaecologica.es\/index.php?rest_route=%2Fwp%2Fv2%2Fproduct_cat&post=4200"},{"taxonomy":"product_tag","embeddable":true,"href":"https:\/\/pelletslenaecologica.es\/index.php?rest_route=%2Fwp%2Fv2%2Fproduct_tag&post=4200"}],"curies":[{"name":"wp","href":"https:\/\/api.w.org\/{rel}","templated":true}]}}