{"id":4198,"date":"2025-12-12T15:12:35","date_gmt":"2025-12-12T14:12:35","guid":{"rendered":"https:\/\/pelletslenaecologica.es\/?post_type=product&#038;p=4198"},"modified":"2025-12-12T15:12:35","modified_gmt":"2025-12-12T14:12:35","slug":"lena-25-cm-lena-mixta-palet-2-m3-33-estereos","status":"publish","type":"product","link":"https:\/\/pelletslenaecologica.es\/?product=lena-25-cm-lena-mixta-palet-2-m3-33-estereos","title":{"rendered":"Le\u00f1a \u2013 25 cm \u2013 Le\u00f1a mixta \u2013 Palet 2 m3 \u2013 3,3 est\u00e9reos"},"content":{"rendered":"<p>Descripci\u00f3n<br \/>\nEste pal\u00e9 de madera, de aproximadamente 2 metros de altura, es f\u00e1cil de almacenar (seg\u00fan disponibilidad) y garantiza la cantidad necesaria de contenedores.<\/p>\n<p>Le\u00f1os partidos de 25 cm, especialmente dise\u00f1ados para estufas o chimeneas peque\u00f1as.<\/p>\n<p>Cuanto m\u00e1s seca est\u00e9 la madera, mayor ser\u00e1 su poder calor\u00edfico y m\u00e1s r\u00e1pido subir\u00e1 la temperatura.<\/p>\n<p>Quemar madera seca evita la acumulaci\u00f3n de holl\u00edn en el aparato de calefacci\u00f3n y produce menos humo contaminante.<\/p>\n<p>Al elegir la calefacci\u00f3n con le\u00f1a, elige un sistema de calefacci\u00f3n ecol\u00f3gico y ahorra dinero.<\/p>\n<p>Datos t\u00e9cnicos<br \/>\nCertificaciones: PEFC<br \/>\nContenido de humedad: 20%<\/p>\n<p>Especies de madera: Madera mixta<br \/>\nVolumen en m\u00b3: 2 m\u00b3<br \/>\nVolumen en madera esterilizada: 3,3 m\u00b3<br \/>\nDimensiones del pal\u00e9: An. 120 x Pr. 95 x Al. 200 cm<br \/>\nM\u00e9todo de secado: Secado al aire<br \/>\nTipo de madera: Madera dura<br \/>\nLongitud: 25 cm<br \/>\nEmbalaje: Pal\u00e9<br \/>\nOrigen: Francia<\/p>\n","protected":false},"excerpt":{"rendered":"<p>Palete de 2M3 ou +\/- 3,3 \u00e9steres de madeira, em toros fendidos de 25 cm, mistura de madeiras de folhosas (freixo, faia e chifre), secagem natural.<\/p>\n","protected":false},"featured_media":4199,"template":"","meta":[],"product_brand":[],"product_cat":[158],"product_tag":[],"class_list":{"0":"post-4198","1":"product","2":"type-product","3":"status-publish","4":"has-post-thumbnail","6":"product_cat-lena","8":"first","9":"instock","10":"sale","11":"shipping-taxable","12":"purchasable","13":"product-type-simple"},"jetpack_sharing_enabled":true,"_links":{"self":[{"href":"https:\/\/pelletslenaecologica.es\/index.php?rest_route=\/wp\/v2\/product\/4198","targetHints":{"allow":["GET"]}}],"collection":[{"href":"https:\/\/pelletslenaecologica.es\/index.php?rest_route=\/wp\/v2\/product"}],"about":[{"href":"https:\/\/pelletslenaecologica.es\/index.php?rest_route=\/wp\/v2\/types\/product"}],"wp:featuredmedia":[{"embeddable":true,"href":"https:\/\/pelletslenaecologica.es\/index.php?rest_route=\/wp\/v2\/media\/4199"}],"wp:attachment":[{"href":"https:\/\/pelletslenaecologica.es\/index.php?rest_route=%2Fwp%2Fv2%2Fmedia&parent=4198"}],"wp:term":[{"taxonomy":"product_brand","embeddable":true,"href":"https:\/\/pelletslenaecologica.es\/index.php?rest_route=%2Fwp%2Fv2%2Fproduct_brand&post=4198"},{"taxonomy":"product_cat","embeddable":true,"href":"https:\/\/pelletslenaecologica.es\/index.php?rest_route=%2Fwp%2Fv2%2Fproduct_cat&post=4198"},{"taxonomy":"product_tag","embeddable":true,"href":"https:\/\/pelletslenaecologica.es\/index.php?rest_route=%2Fwp%2Fv2%2Fproduct_tag&post=4198"}],"curies":[{"name":"wp","href":"https:\/\/api.w.org\/{rel}","templated":true}]}}