{"id":4196,"date":"2025-12-12T15:10:08","date_gmt":"2025-12-12T14:10:08","guid":{"rendered":"https:\/\/pelletslenaecologica.es\/?post_type=product&#038;p=4196"},"modified":"2025-12-12T15:10:08","modified_gmt":"2025-12-12T14:10:08","slug":"lena-33-cm-lena-mixta-palet-2-m3-3-estereos","status":"publish","type":"product","link":"https:\/\/pelletslenaecologica.es\/?product=lena-33-cm-lena-mixta-palet-2-m3-3-estereos","title":{"rendered":"Le\u00f1a \u2013 33 cm \u2013 Le\u00f1a mixta \u2013 Palet 2 m3 \u2013 3 est\u00e9reos"},"content":{"rendered":"<p>Descripci\u00f3n<br \/>\nEste pal\u00e9 de madera tiene aproximadamente 2 metros de altura, es f\u00e1cil de almacenar (sujeto a disponibilidad) y garantiza la recepci\u00f3n del n\u00famero exacto de contenedores solicitados.<\/p>\n<p>El pal\u00e9 contiene varios tipos de madera, exclusivamente madera dura: 60% fresno, 20% haya y 20% cuerno. Esto es ideal para un buen equilibrio entre brasas y llamas.<\/p>\n<p>La le\u00f1a se divide en troncos de 33 cm, el tama\u00f1o ideal para una estufa de le\u00f1a o una estufa peque\u00f1a.<\/p>\n<p>\u00bfCu\u00e1les son los mejores tipos de le\u00f1a para calefacci\u00f3n?<\/p>\n<p>Existen varios tipos de le\u00f1a adecuados para su estufa de le\u00f1a: haya, roble, \u00e1lamo y fresno.<\/p>\n<p>Estas maderas duras son ideales para calefacci\u00f3n por su alto poder calor\u00edfico; los troncos producen buenas brasas y llamas hermosas.<\/p>\n<p>Algunas personas usan tipos de madera blanda, como el aliso. Sin embargo, la madera se consume mucho m\u00e1s r\u00e1pido porque estas maderas arden m\u00e1s r\u00e1pido y liberan menos calor.<\/p>\n<p>Datos t\u00e9cnicos<br \/>\nCertificados: PEFC<br \/>\nContenido de humedad: 20 %<\/p>\n<p>Especies: Madera dura mixta<br \/>\nVolumen en m\u00b3: 2 m\u00b3<br \/>\nVolumen en GBP: 3,3 GBP<br \/>\nDimensiones del pal\u00e9: 120 x 95 x 200 cm (ancho x alto)<br \/>\nT\u00e9cnica de secado: Exterior natural<br \/>\nTipo de madera: Madera dura<br \/>\nLongitud: 33 cm<br \/>\nEmbalaje: Pal\u00e9<\/p>\n","protected":false},"excerpt":{"rendered":"<p>Palete de 2M3 ou 3 paletes de madeira, toros rachados de 33 cm, mistura de madeira dura (freixo, faia, carvalho), secagem natural.<\/p>\n","protected":false},"featured_media":4197,"template":"","meta":[],"product_brand":[],"product_cat":[158],"product_tag":[],"class_list":{"0":"post-4196","1":"product","2":"type-product","3":"status-publish","4":"has-post-thumbnail","6":"product_cat-lena","8":"first","9":"instock","10":"sale","11":"shipping-taxable","12":"purchasable","13":"product-type-simple"},"jetpack_sharing_enabled":true,"_links":{"self":[{"href":"https:\/\/pelletslenaecologica.es\/index.php?rest_route=\/wp\/v2\/product\/4196","targetHints":{"allow":["GET"]}}],"collection":[{"href":"https:\/\/pelletslenaecologica.es\/index.php?rest_route=\/wp\/v2\/product"}],"about":[{"href":"https:\/\/pelletslenaecologica.es\/index.php?rest_route=\/wp\/v2\/types\/product"}],"wp:featuredmedia":[{"embeddable":true,"href":"https:\/\/pelletslenaecologica.es\/index.php?rest_route=\/wp\/v2\/media\/4197"}],"wp:attachment":[{"href":"https:\/\/pelletslenaecologica.es\/index.php?rest_route=%2Fwp%2Fv2%2Fmedia&parent=4196"}],"wp:term":[{"taxonomy":"product_brand","embeddable":true,"href":"https:\/\/pelletslenaecologica.es\/index.php?rest_route=%2Fwp%2Fv2%2Fproduct_brand&post=4196"},{"taxonomy":"product_cat","embeddable":true,"href":"https:\/\/pelletslenaecologica.es\/index.php?rest_route=%2Fwp%2Fv2%2Fproduct_cat&post=4196"},{"taxonomy":"product_tag","embeddable":true,"href":"https:\/\/pelletslenaecologica.es\/index.php?rest_route=%2Fwp%2Fv2%2Fproduct_tag&post=4196"}],"curies":[{"name":"wp","href":"https:\/\/api.w.org\/{rel}","templated":true}]}}