{"id":4194,"date":"2025-12-12T15:08:13","date_gmt":"2025-12-12T14:08:13","guid":{"rendered":"https:\/\/pelletslenaecologica.es\/?post_type=product&#038;p=4194"},"modified":"2025-12-12T15:08:13","modified_gmt":"2025-12-12T14:08:13","slug":"lena-30-cm-lena-mixta-palet-2-m3-3-estereos","status":"publish","type":"product","link":"https:\/\/pelletslenaecologica.es\/?product=lena-30-cm-lena-mixta-palet-2-m3-3-estereos","title":{"rendered":"Le\u00f1a \u2013 30 cm \u2013 Le\u00f1a mixta \u2013 Palet 2 m3 \u2013 3 est\u00e9reos"},"content":{"rendered":"<p>Descripci\u00f3n<br \/>\nUna mezcla de maderas duras secadas naturalmente, almacenadas al aire libre para mantenerlas ventiladas.<\/p>\n<p>El pal\u00e9 contiene varios tipos de madera dura: fresno, haya, roble y cuerno de b\u00fafalo. Estas son ideales para lograr un buen equilibrio entre brasas y llamas.<\/p>\n<p>Hay troncos que son m\u00e1s f\u00e1ciles de encender y otros que mantienen el fuego por m\u00e1s tiempo.<\/p>\n<p>La madera se divide cuidadosamente en troncos de 30 cm, el tama\u00f1o ideal para una estufa de le\u00f1a peque\u00f1a.<\/p>\n<p>\u00bfQu\u00e9 tipos de le\u00f1a se pueden usar para calentar?<\/p>\n<p>Se pueden usar varios tipos de madera en su estufa de le\u00f1a: haya, roble, \u00e1lamo y fresno.<\/p>\n<p>Estas son maderas duras, ideales para calentar por su alto poder calor\u00edfico y porque los troncos crean hermosas brasas y llamas.<\/p>\n<p>Algunas personas usan maderas m\u00e1s ligeras, como el aliso. Sin embargo, la madera se consume mucho m\u00e1s r\u00e1pido, ya que estas maderas arden m\u00e1s r\u00e1pido y liberan menos calor.<\/p>\n<p>Datos t\u00e9cnicos<br \/>\nContenido de humedad: 20 %.<\/p>\n<p>Especie: Fresno, Haya, Carpe, Roble<br \/>\nVolumen en m\u00b3: 2 m\u00b3<br \/>\nVolumen en GBP: 3 GBP<br \/>\nDimensiones del palet: An. 120 x Pr. 95 x Al. 200 cm<br \/>\nT\u00e9cnica de secado: Natural al aire libre<br \/>\nTipo de madera: Madera dura<br \/>\nLongitud: 30 cm<br \/>\nEmbalaje: Palet<\/p>\n","protected":false},"excerpt":{"rendered":"<p>Palet de 2m\u00b3 o 3 palets de madera, en troncos partidos de 30cm, mezcla de maderas duras (fresno, haya, roble), secados de forma natural.<\/p>\n","protected":false},"featured_media":4195,"template":"","meta":[],"product_brand":[],"product_cat":[158],"product_tag":[],"class_list":{"0":"post-4194","1":"product","2":"type-product","3":"status-publish","4":"has-post-thumbnail","6":"product_cat-lena","8":"first","9":"instock","10":"sale","11":"shipping-taxable","12":"purchasable","13":"product-type-simple"},"jetpack_sharing_enabled":true,"_links":{"self":[{"href":"https:\/\/pelletslenaecologica.es\/index.php?rest_route=\/wp\/v2\/product\/4194","targetHints":{"allow":["GET"]}}],"collection":[{"href":"https:\/\/pelletslenaecologica.es\/index.php?rest_route=\/wp\/v2\/product"}],"about":[{"href":"https:\/\/pelletslenaecologica.es\/index.php?rest_route=\/wp\/v2\/types\/product"}],"wp:featuredmedia":[{"embeddable":true,"href":"https:\/\/pelletslenaecologica.es\/index.php?rest_route=\/wp\/v2\/media\/4195"}],"wp:attachment":[{"href":"https:\/\/pelletslenaecologica.es\/index.php?rest_route=%2Fwp%2Fv2%2Fmedia&parent=4194"}],"wp:term":[{"taxonomy":"product_brand","embeddable":true,"href":"https:\/\/pelletslenaecologica.es\/index.php?rest_route=%2Fwp%2Fv2%2Fproduct_brand&post=4194"},{"taxonomy":"product_cat","embeddable":true,"href":"https:\/\/pelletslenaecologica.es\/index.php?rest_route=%2Fwp%2Fv2%2Fproduct_cat&post=4194"},{"taxonomy":"product_tag","embeddable":true,"href":"https:\/\/pelletslenaecologica.es\/index.php?rest_route=%2Fwp%2Fv2%2Fproduct_tag&post=4194"}],"curies":[{"name":"wp","href":"https:\/\/api.w.org\/{rel}","templated":true}]}}