{"id":4192,"date":"2025-12-12T15:04:56","date_gmt":"2025-12-12T14:04:56","guid":{"rendered":"https:\/\/pelletslenaecologica.es\/?post_type=product&#038;p=4192"},"modified":"2025-12-12T15:04:56","modified_gmt":"2025-12-12T14:04:56","slug":"madera-25-cm-alto-rendimiento-2-m3-260-estereos","status":"publish","type":"product","link":"https:\/\/pelletslenaecologica.es\/?product=madera-25-cm-alto-rendimiento-2-m3-260-estereos","title":{"rendered":"MADERA \u2013 25 CM \u2013 ALTO RENDIMIENTO \u2013 2 M3 \u2013 2,60 EST\u00c9REOS"},"content":{"rendered":"<p>Descripci\u00f3n<br \/>\nSi busca le\u00f1a limpia, pelada y f\u00e1cil de manipular, esta es la madera ideal.<\/p>\n<p>No necesita cortar los troncos, ya que las secciones son peque\u00f1as (de 5 a 15 cm).<\/p>\n<p>Madera dura, limpia (cepillada en un tambor de corteza) y ultraseca, con un contenido de humedad del 20 % (Grupo H1 G1).<\/p>\n<p>Madera de alto rendimiento con bajas emisiones de part\u00edculas.<\/p>\n<p>Con le\u00f1a libre de polvo y suciedad, obtendr\u00e1 una combusti\u00f3n excelente sin obstruir su aparato.<\/p>\n<p>Producen de 2 a 3 veces menos ceniza que la madera con un contenido de humedad del 35 %.<\/p>\n<p>Gracias a su alto poder calor\u00edfico, se enciende r\u00e1pidamente y proporciona calor constante durante todo el fuego.<\/p>\n<p>Esta madera cuenta con la certificaci\u00f3n NF y se somete a pruebas peri\u00f3dicas en el laboratorio CERIC.<\/p>\n<p>Datos t\u00e9cnicos<br \/>\nComposici\u00f3n: 100 % madera noble: Roble, Carpe, Haya y Fresno<br \/>\nCertificados: NF<br \/>\nValor calor\u00edfico: Superior a 3,9 kWh\/kg<br \/>\nContenido de humedad: Inferior al 20 %<br \/>\nContenido de cenizas: Inferior al 1,5 %<br \/>\nEspecies: Roble, Carpe, Haya y Fresno<br \/>\nVolumen en m\u00b3: 2 m\u00b3<br \/>\nVolumen en libras: 2,6 metros c\u00fabicos<br \/>\nDimensiones del pal\u00e9: 100 x 120 x 185 cm<br \/>\nSecado: Secado en horno<br \/>\nTipo de madera: Madera noble<br \/>\nLongitud: 25 cm<br \/>\nDi\u00e1metro: De 5 a 15 cm<br \/>\nEmbalaje: Pal\u00e9<br \/>\nInstrucciones de uso: Listo para usar<\/p>\n","protected":false},"excerpt":{"rendered":"<p>Pal\u00e9, troncos a granel de 2000 dm\u00b3 o 2,6 metros, en 25 cm.<br \/>\nMaderas mixtas de frondosas (fresno, haya, roble y carpe), secadas al horno hasta un 20 % de humedad.<br \/>\nMadera limpia, bien cortada y parcialmente descortezada, con certificaci\u00f3n NF.<\/p>\n","protected":false},"featured_media":4193,"template":"","meta":[],"product_brand":[],"product_cat":[158],"product_tag":[],"class_list":{"0":"post-4192","1":"product","2":"type-product","3":"status-publish","4":"has-post-thumbnail","6":"product_cat-lena","8":"first","9":"instock","10":"sale","11":"shipping-taxable","12":"purchasable","13":"product-type-simple"},"jetpack_sharing_enabled":true,"_links":{"self":[{"href":"https:\/\/pelletslenaecologica.es\/index.php?rest_route=\/wp\/v2\/product\/4192","targetHints":{"allow":["GET"]}}],"collection":[{"href":"https:\/\/pelletslenaecologica.es\/index.php?rest_route=\/wp\/v2\/product"}],"about":[{"href":"https:\/\/pelletslenaecologica.es\/index.php?rest_route=\/wp\/v2\/types\/product"}],"wp:featuredmedia":[{"embeddable":true,"href":"https:\/\/pelletslenaecologica.es\/index.php?rest_route=\/wp\/v2\/media\/4193"}],"wp:attachment":[{"href":"https:\/\/pelletslenaecologica.es\/index.php?rest_route=%2Fwp%2Fv2%2Fmedia&parent=4192"}],"wp:term":[{"taxonomy":"product_brand","embeddable":true,"href":"https:\/\/pelletslenaecologica.es\/index.php?rest_route=%2Fwp%2Fv2%2Fproduct_brand&post=4192"},{"taxonomy":"product_cat","embeddable":true,"href":"https:\/\/pelletslenaecologica.es\/index.php?rest_route=%2Fwp%2Fv2%2Fproduct_cat&post=4192"},{"taxonomy":"product_tag","embeddable":true,"href":"https:\/\/pelletslenaecologica.es\/index.php?rest_route=%2Fwp%2Fv2%2Fproduct_tag&post=4192"}],"curies":[{"name":"wp","href":"https:\/\/api.w.org\/{rel}","templated":true}]}}