{"id":4190,"date":"2025-12-12T15:01:18","date_gmt":"2025-12-12T14:01:18","guid":{"rendered":"https:\/\/pelletslenaecologica.es\/?post_type=product&#038;p=4190"},"modified":"2025-12-12T15:01:18","modified_gmt":"2025-12-12T14:01:18","slug":"lena-30-cm-alto-rendimiento-2-m%c2%b3-224-estereos","status":"publish","type":"product","link":"https:\/\/pelletslenaecologica.es\/?product=lena-30-cm-alto-rendimiento-2-m%c2%b3-224-estereos","title":{"rendered":"Le\u00f1a \u2013 30 cm \u2013 Alto rendimiento \u2013 2 m\u00b3 \u2013 2,24 est\u00e9reos"},"content":{"rendered":"<p>Descripci\u00f3n<\/p>\n<p>Si busca le\u00f1a limpia, descortezada y f\u00e1cil de manipular, esta es la madera ideal.<\/p>\n<p>Le\u00f1os de hasta 30 cm de di\u00e1metro y secci\u00f3n transversal peque\u00f1a, ideales para peque\u00f1os aparatos de calefacci\u00f3n: estufas o cocinas.<\/p>\n<p>Le\u00f1a de alta eficiencia con bajas emisiones de part\u00edculas.<\/p>\n<p>Los troncos se disponen sueltos en este pal\u00e9 para un suministro continuo.<\/p>\n<p>Menos exigente que otras especies de madera, al estar parcialmente descortezada, esta madera genera menos polvo (descortezada en tambor).<\/p>\n<p>M\u00e1s f\u00e1cil de manipular, garantiza un calor constante sin sobrecargar su aparato.<\/p>\n<p>Madera dura ultraseca, lista para usar, con certificaci\u00f3n NF (Grupo H1 G1).<\/p>\n<p>Especificaciones t\u00e9cnicas<\/p>\n<p>Composici\u00f3n: 100 % Madera dura: Roble, Carpe, Haya y Fresno<\/p>\n<p>Certificaciones: NF<br \/>\nPoder calor\u00edfico: Superior a 3,9 kWh\/kg<br \/>\nContenido de humedad: Inferior al 20 %<br \/>\nContenido de cenizas: Inferior al 1,5 %<br \/>\nEspecies: Roble, Carpe, Haya y Fresno<br \/>\nVolumen: 2 m\u00b3<br \/>\nVolumen: 2,24 metros c\u00fabicos<br \/>\nDimensiones del pal\u00e9: 100 x 120 x 185 cm<\/p>\n<p>Secado: Secado al horno<br \/>\nTipo de madera: Madera dura<br \/>\nLongitud: 30 cm<br \/>\nDi\u00e1metro: De 5 a 15 cm<br \/>\nEmbalaje: Pal\u00e9<br \/>\nInstrucciones de uso: Listo para usar<\/p>\n","protected":false},"excerpt":{"rendered":"<h5>Palete, toros a granel de 2000 dm3 ou 2,24 metros, em comprimentos de 30 cm.<br \/>\nMistura de madeiras de folhosas (freixo, faia, carvalho e carpa), secas em estufa a 20% de humidade.<br \/>\nMadeira limpa, bem cortada e parcialmente descascada, com certifica\u00e7\u00e3o NF.<\/h5>\n","protected":false},"featured_media":4191,"template":"","meta":[],"product_brand":[],"product_cat":[158],"product_tag":[],"class_list":{"0":"post-4190","1":"product","2":"type-product","3":"status-publish","4":"has-post-thumbnail","6":"product_cat-lena","8":"first","9":"instock","10":"sale","11":"shipping-taxable","12":"purchasable","13":"product-type-simple"},"jetpack_sharing_enabled":true,"_links":{"self":[{"href":"https:\/\/pelletslenaecologica.es\/index.php?rest_route=\/wp\/v2\/product\/4190","targetHints":{"allow":["GET"]}}],"collection":[{"href":"https:\/\/pelletslenaecologica.es\/index.php?rest_route=\/wp\/v2\/product"}],"about":[{"href":"https:\/\/pelletslenaecologica.es\/index.php?rest_route=\/wp\/v2\/types\/product"}],"wp:featuredmedia":[{"embeddable":true,"href":"https:\/\/pelletslenaecologica.es\/index.php?rest_route=\/wp\/v2\/media\/4191"}],"wp:attachment":[{"href":"https:\/\/pelletslenaecologica.es\/index.php?rest_route=%2Fwp%2Fv2%2Fmedia&parent=4190"}],"wp:term":[{"taxonomy":"product_brand","embeddable":true,"href":"https:\/\/pelletslenaecologica.es\/index.php?rest_route=%2Fwp%2Fv2%2Fproduct_brand&post=4190"},{"taxonomy":"product_cat","embeddable":true,"href":"https:\/\/pelletslenaecologica.es\/index.php?rest_route=%2Fwp%2Fv2%2Fproduct_cat&post=4190"},{"taxonomy":"product_tag","embeddable":true,"href":"https:\/\/pelletslenaecologica.es\/index.php?rest_route=%2Fwp%2Fv2%2Fproduct_tag&post=4190"}],"curies":[{"name":"wp","href":"https:\/\/api.w.org\/{rel}","templated":true}]}}