{"id":4188,"date":"2025-12-12T14:52:25","date_gmt":"2025-12-12T13:52:25","guid":{"rendered":"https:\/\/pelletslenaecologica.es\/?post_type=product&#038;p=4188"},"modified":"2025-12-12T14:52:25","modified_gmt":"2025-12-12T13:52:25","slug":"lena-40-cm-alto-rendimiento-2-m%c2%b3-185-esteres","status":"publish","type":"product","link":"https:\/\/pelletslenaecologica.es\/?product=lena-40-cm-alto-rendimiento-2-m%c2%b3-185-esteres","title":{"rendered":"Le\u00f1a \u2013 40 cm \u2013 alto rendimiento \u2013 2 m\u00b3 \u2013 1,85 \u00e9steres"},"content":{"rendered":"<h4>Descripci\u00f3n<\/h4>\n<h4>Si busca le\u00f1a limpia, descortezada y f\u00e1cil de manipular, esta es la opci\u00f3n perfecta.<\/h4>\n<h4>Madera dura, muy seca, bien partida, en secciones peque\u00f1as y limpia (grupo de le\u00f1a H1 G1 y descortezada).<\/h4>\n<h4>Le\u00f1a de alta eficiencia con bajas emisiones de part\u00edculas.<\/h4>\n<h4>F\u00e1cil de usar: los troncos se colocan sueltos sobre un pal\u00e9.<\/h4>\n<h4>Encendido r\u00e1pido y sencillo, con calor constante en toda la fogata.<\/h4>\n<h4>Instrucciones de uso:<\/h4>\n<h4>Coloque uno o dos troncos en el centro de la fogata.<\/h4>\n<h4>Agregue le\u00f1a y un encendedor.<\/h4>\n<h4>Encienda el fuego con una cerilla.<\/h4>\n<h4>Disfrute de una hermosa fogata.<\/h4>\n<h4>Datos t\u00e9cnicos<\/h4>\n<h4>Composici\u00f3n: 100 % madera noble: roble, carpe, haya, fresno<\/h4>\n<h4>Certificaciones: NF<br \/>\nValor calor\u00edfico: superior a 3,9 kWh\/kg<br \/>\nContenido de humedad: inferior al 20 %<br \/>\nContenido de cenizas: inferior al 1,5 %<br \/>\nEspecies: roble, carpe, haya, fresno<br \/>\nVolumen en m\u00b3: 2 m\u00b3<br \/>\nVolumen en est\u00e9reos: 1,85 est\u00e9reos<br \/>\nDimensiones del pal\u00e9: 100 x 120 x 185 cm<br \/>\nM\u00e9todo de secado: secado al horno<br \/>\nTipo de madera: madera noble<br \/>\nLongitud: 40 cm<br \/>\nDi\u00e1metro: de 5 a 15 cm<br \/>\nEmbalaje: pal\u00e9<\/h4>\n","protected":false},"excerpt":{"rendered":"<p>Fardo de paletes, toros a granel de 2000 dm3 ou 1,85 \u00e9steres, em 40 cm.<br \/>\nMadeiras de folhosas mistas (freixo, faia, carvalho e chifre), secas em estufa a 20% de humidade.<br \/>\nMadeira limpa, bem fendida e parcialmente descascada, certificada NF.<\/p>\n","protected":false},"featured_media":4189,"template":"","meta":[],"product_brand":[],"product_cat":[158],"product_tag":[],"class_list":{"0":"post-4188","1":"product","2":"type-product","3":"status-publish","4":"has-post-thumbnail","6":"product_cat-lena","8":"first","9":"instock","10":"sale","11":"shipping-taxable","12":"purchasable","13":"product-type-simple"},"jetpack_sharing_enabled":true,"_links":{"self":[{"href":"https:\/\/pelletslenaecologica.es\/index.php?rest_route=\/wp\/v2\/product\/4188","targetHints":{"allow":["GET"]}}],"collection":[{"href":"https:\/\/pelletslenaecologica.es\/index.php?rest_route=\/wp\/v2\/product"}],"about":[{"href":"https:\/\/pelletslenaecologica.es\/index.php?rest_route=\/wp\/v2\/types\/product"}],"wp:featuredmedia":[{"embeddable":true,"href":"https:\/\/pelletslenaecologica.es\/index.php?rest_route=\/wp\/v2\/media\/4189"}],"wp:attachment":[{"href":"https:\/\/pelletslenaecologica.es\/index.php?rest_route=%2Fwp%2Fv2%2Fmedia&parent=4188"}],"wp:term":[{"taxonomy":"product_brand","embeddable":true,"href":"https:\/\/pelletslenaecologica.es\/index.php?rest_route=%2Fwp%2Fv2%2Fproduct_brand&post=4188"},{"taxonomy":"product_cat","embeddable":true,"href":"https:\/\/pelletslenaecologica.es\/index.php?rest_route=%2Fwp%2Fv2%2Fproduct_cat&post=4188"},{"taxonomy":"product_tag","embeddable":true,"href":"https:\/\/pelletslenaecologica.es\/index.php?rest_route=%2Fwp%2Fv2%2Fproduct_tag&post=4188"}],"curies":[{"name":"wp","href":"https:\/\/api.w.org\/{rel}","templated":true}]}}