{"id":4184,"date":"2025-12-12T14:43:37","date_gmt":"2025-12-12T13:43:37","guid":{"rendered":"https:\/\/pelletslenaecologica.es\/?post_type=product&#038;p=4184"},"modified":"2025-12-12T14:43:37","modified_gmt":"2025-12-12T13:43:37","slug":"caja-de-lena-de-roble-ultra-seco","status":"publish","type":"product","link":"https:\/\/pelletslenaecologica.es\/?product=caja-de-lena-de-roble-ultra-seco","title":{"rendered":"Caja de le\u00f1a de roble ultra seco"},"content":{"rendered":"<p>Descripci\u00f3n<\/p>\n<p>La sensaci\u00f3n primigenia de calor reconfortante en un fuego crepitante<\/p>\n<p>Encender una estufa de le\u00f1a deber\u00eda ser un placer, no una fuente de estr\u00e9s por la humedad o la mala calidad de la madera. Una combusti\u00f3n estable garantiza su seguridad (la madera h\u00fameda libera mucho CO2), asegura un calor agradable y le permite disfrutarla con total tranquilidad.<\/p>\n<p>La calidad prima sobre el precio. Esto aplica a todos nuestros productos, pero gracias a nuestros grandes vol\u00famenes, podemos ofrecerle la mejor madera al mejor precio.<\/p>\n<p>Roble<\/p>\n<p>Su dureza garantiza una larga duraci\u00f3n de combusti\u00f3n. Adem\u00e1s de su alta eficiencia, el roble desprende un aroma delicioso y ofrece una llama hermosa y tradicional.<\/p>\n<p>Propiedades de la madera de roble<\/p>\n<p>Especies de madera dura:<\/p>\n<p>Combusti\u00f3n lenta; Llamas brillantes;<\/p>\n<p>Se necesitan al menos 4 troncos para calentar;<\/p>\n<p>La le\u00f1a ideal para estufas y chimeneas grandes.<\/p>\n","protected":false},"excerpt":{"rendered":"<p>2 m\u00b3 de le\u00f1a de roble ultraseca<\/p>\n<p>Lista para usar<br \/>\nApilada a mano<br \/>\nCaja resistente<\/p>\n","protected":false},"featured_media":4185,"template":"","meta":[],"product_brand":[],"product_cat":[158],"product_tag":[],"class_list":{"0":"post-4184","1":"product","2":"type-product","3":"status-publish","4":"has-post-thumbnail","6":"product_cat-lena","8":"first","9":"instock","10":"sale","11":"shipping-taxable","12":"purchasable","13":"product-type-simple"},"jetpack_sharing_enabled":true,"_links":{"self":[{"href":"https:\/\/pelletslenaecologica.es\/index.php?rest_route=\/wp\/v2\/product\/4184","targetHints":{"allow":["GET"]}}],"collection":[{"href":"https:\/\/pelletslenaecologica.es\/index.php?rest_route=\/wp\/v2\/product"}],"about":[{"href":"https:\/\/pelletslenaecologica.es\/index.php?rest_route=\/wp\/v2\/types\/product"}],"wp:featuredmedia":[{"embeddable":true,"href":"https:\/\/pelletslenaecologica.es\/index.php?rest_route=\/wp\/v2\/media\/4185"}],"wp:attachment":[{"href":"https:\/\/pelletslenaecologica.es\/index.php?rest_route=%2Fwp%2Fv2%2Fmedia&parent=4184"}],"wp:term":[{"taxonomy":"product_brand","embeddable":true,"href":"https:\/\/pelletslenaecologica.es\/index.php?rest_route=%2Fwp%2Fv2%2Fproduct_brand&post=4184"},{"taxonomy":"product_cat","embeddable":true,"href":"https:\/\/pelletslenaecologica.es\/index.php?rest_route=%2Fwp%2Fv2%2Fproduct_cat&post=4184"},{"taxonomy":"product_tag","embeddable":true,"href":"https:\/\/pelletslenaecologica.es\/index.php?rest_route=%2Fwp%2Fv2%2Fproduct_tag&post=4184"}],"curies":[{"name":"wp","href":"https:\/\/api.w.org\/{rel}","templated":true}]}}