{"id":4173,"date":"2025-12-12T14:08:09","date_gmt":"2025-12-12T13:08:09","guid":{"rendered":"https:\/\/pelletslenaecologica.es\/?post_type=product&#038;p=4173"},"modified":"2025-12-12T14:11:54","modified_gmt":"2025-12-12T13:11:54","slug":"70-sacos-de-pellet-15-kg-pinonero","status":"publish","type":"product","link":"https:\/\/pelletslenaecologica.es\/?product=70-sacos-de-pellet-15-kg-pinonero","title":{"rendered":"70 Sacos de pellet 15 Kg PI\u00d1ONERO"},"content":{"rendered":"<ul class=\"tabs wc-tabs\" role=\"tablist\">\n<li id=\"tab-title-description\" class=\"description_tab active\" role=\"presentation\"><a tabindex=\"0\" role=\"tab\" href=\"https:\/\/pelletdelsureste.es\/product\/70-sacos-de-pellet-15-kg-pinonero\/#tab-description\" aria-controls=\"tab-description\" aria-selected=\"true\">Descripci\u00f3n<\/a><\/li>\n<\/ul>\n<div id=\"tab-description\" class=\"woocommerce-Tabs-panel woocommerce-Tabs-panel--description panel entry-content wc-tab\" role=\"tabpanel\" aria-labelledby=\"tab-title-description\">\n<table class=\"o-product-features\" role=\"presentation\" width=\"1213\" data-cerberus=\"TABLE_AttributesProduct\">\n<tbody>\n<tr class=\"m-product-attr-row\">\n<th class=\"m-product-attr-row__name\" scope=\"row\">Tipo de producto<\/th>\n<td class=\"m-product-attr-row__value\">Pelet<\/td>\n<\/tr>\n<tr class=\"m-product-attr-row\">\n<th class=\"m-product-attr-row__name\" scope=\"row\">Tipo de madera<\/th>\n<td class=\"m-product-attr-row__value\">Astillas de madera<\/td>\n<\/tr>\n<tr class=\"m-product-attr-row\">\n<th class=\"m-product-attr-row__name\" scope=\"row\">Especie de la madera<\/th>\n<td class=\"m-product-attr-row__value\">Pino<\/td>\n<\/tr>\n<tr class=\"m-product-attr-row\">\n<th class=\"m-product-attr-row__name\" scope=\"row\">Composici\u00f3n<\/th>\n<td class=\"m-product-attr-row__value\">MADERA DE PINO 100%<\/td>\n<\/tr>\n<tr class=\"m-product-attr-row\">\n<th class=\"m-product-attr-row__name\" scope=\"row\">Tasa de humedad (en %)<\/th>\n<td class=\"m-product-attr-row__value\">7<\/td>\n<\/tr>\n<tr class=\"m-product-attr-row\">\n<th class=\"m-product-attr-row__name\" scope=\"row\">Producci\u00f3n de ceniza (en %)<\/th>\n<td class=\"m-product-attr-row__value\">0.7<\/td>\n<\/tr>\n<tr class=\"m-product-attr-row\">\n<th class=\"m-product-attr-row__name\" scope=\"row\">Certificaci\u00f3n<\/th>\n<td class=\"m-product-attr-row__value\">ENplus A1<\/td>\n<\/tr>\n<tr class=\"m-product-attr-row\">\n<th class=\"m-product-attr-row__name\" scope=\"row\">Certificaci\u00f3n de madera<\/th>\n<td class=\"m-product-attr-row__value\">PEFC<\/td>\n<\/tr>\n<tr class=\"m-product-attr-row\">\n<th class=\"m-product-attr-row__name\" scope=\"row\">Pa\u00eds de fabricaci\u00f3n<\/th>\n<td class=\"m-product-attr-row__value\">Espa\u00f1a<\/td>\n<\/tr>\n<tr class=\"m-product-attr-row\">\n<th class=\"m-product-attr-row__name\" scope=\"row\">Pa\u00eds de origen de la madera<\/th>\n<td class=\"m-product-attr-row__value\">Espa\u00f1a<\/td>\n<\/tr>\n<tr class=\"m-product-attr-row\">\n<th class=\"m-product-attr-row__name\" scope=\"row\">Tipo de embalaje<\/th>\n<td class=\"m-product-attr-row__value\">Embalaje de pl\u00e1stico retractilado<\/td>\n<\/tr>\n<tr class=\"m-product-attr-row\">\n<th class=\"m-product-attr-row__name\" scope=\"row\">Tipo de almacenamiento recomendado<\/th>\n<td class=\"m-product-attr-row__value\">En seco en el interior<\/td>\n<\/tr>\n<tr class=\"m-product-attr-row\">\n<th class=\"m-product-attr-row__name\" scope=\"row\">Peso neto (en kg)<\/th>\n<td class=\"m-product-attr-row__value\">15<\/td>\n<\/tr>\n<tr class=\"m-product-attr-row\">\n<th class=\"m-product-attr-row__name\" scope=\"row\">Material principal en la masa total del producto<\/th>\n<td class=\"m-product-attr-row__value\">Madera<\/td>\n<\/tr>\n<\/tbody>\n<\/table>\n<p>&nbsp;<\/p>\n<table class=\"o-product-features\" role=\"presentation\" width=\"1216\" data-cerberus=\"TABLE_AttributesProduct\">\n<tbody>\n<tr class=\"m-product-attr-row\">\n<th class=\"m-product-attr-row__name\" scope=\"row\">Producto empaquetado: anchura (en cm)<\/th>\n<td class=\"m-product-attr-row__value\">53<\/td>\n<\/tr>\n<tr class=\"m-product-attr-row\">\n<th class=\"m-product-attr-row__name\" scope=\"row\">Producto empaquetado: altura (en cm)<\/th>\n<td class=\"m-product-attr-row__value\">10<\/td>\n<\/tr>\n<tr class=\"m-product-attr-row\">\n<th class=\"m-product-attr-row__name\" scope=\"row\">Producto empaquetado: profundidad (en cm)<\/th>\n<td class=\"m-product-attr-row__value\">37<\/td>\n<\/tr>\n<tr class=\"\">\n<th class=\"m-product-attr-row__name\" scope=\"row\">Producto empaquetado: peso (en kg)<\/th>\n<td class=\"m-product-attr-row__value\">\n<h3>15<\/h3>\n<\/td>\n<\/tr>\n<\/tbody>\n<\/table>\n<\/div>\n","protected":false},"excerpt":{"rendered":"<h5>Lote de 70 sacos de pellets Pi\u00f1onero elaborado con madera de pino 100%. Cuenta con el sello PEFC, que certifica que la madera proviene de bosques gestionados de forma sostenible y respetuosa con el medioambiente. Se recomienda almacenar en un lugar interior seco. En Leroy Merl\u00edn encontrar\u00e1s todos los accesorios necesarios para completar tu instalaci\u00f3n de calefacci\u00f3n. Fabricado en Espa\u00f1a. Contenido: 15 kg.<\/h5>\n","protected":false},"featured_media":4175,"template":"","meta":[],"product_brand":[],"product_cat":[157],"product_tag":[],"class_list":{"0":"post-4173","1":"product","2":"type-product","3":"status-publish","4":"has-post-thumbnail","6":"product_cat-granulos-de-pellets","8":"first","9":"instock","10":"sale","11":"shipping-taxable","12":"purchasable","13":"product-type-simple"},"jetpack_sharing_enabled":true,"_links":{"self":[{"href":"https:\/\/pelletslenaecologica.es\/index.php?rest_route=\/wp\/v2\/product\/4173","targetHints":{"allow":["GET"]}}],"collection":[{"href":"https:\/\/pelletslenaecologica.es\/index.php?rest_route=\/wp\/v2\/product"}],"about":[{"href":"https:\/\/pelletslenaecologica.es\/index.php?rest_route=\/wp\/v2\/types\/product"}],"wp:featuredmedia":[{"embeddable":true,"href":"https:\/\/pelletslenaecologica.es\/index.php?rest_route=\/wp\/v2\/media\/4175"}],"wp:attachment":[{"href":"https:\/\/pelletslenaecologica.es\/index.php?rest_route=%2Fwp%2Fv2%2Fmedia&parent=4173"}],"wp:term":[{"taxonomy":"product_brand","embeddable":true,"href":"https:\/\/pelletslenaecologica.es\/index.php?rest_route=%2Fwp%2Fv2%2Fproduct_brand&post=4173"},{"taxonomy":"product_cat","embeddable":true,"href":"https:\/\/pelletslenaecologica.es\/index.php?rest_route=%2Fwp%2Fv2%2Fproduct_cat&post=4173"},{"taxonomy":"product_tag","embeddable":true,"href":"https:\/\/pelletslenaecologica.es\/index.php?rest_route=%2Fwp%2Fv2%2Fproduct_tag&post=4173"}],"curies":[{"name":"wp","href":"https:\/\/api.w.org\/{rel}","templated":true}]}}