{"id":4169,"date":"2025-12-12T14:03:54","date_gmt":"2025-12-12T13:03:54","guid":{"rendered":"https:\/\/pelletslenaecologica.es\/?post_type=product&#038;p=4169"},"modified":"2025-12-12T14:03:55","modified_gmt":"2025-12-12T13:03:55","slug":"palet-de-70-sacos-de-pellet-bioforestal","status":"publish","type":"product","link":"https:\/\/pelletslenaecologica.es\/?product=palet-de-70-sacos-de-pellet-bioforestal","title":{"rendered":"Palet de 70 sacos de pellet BIOFORESTAL"},"content":{"rendered":"<div class=\"o-product-detail-informations__description\">\n<p>Producto ecol\u00f3gico y respetuoso con el medioambiente con casi 0 emisiones de CO2. Alto poder calor\u00edfico<\/p>\n<p>Alto poder calor\u00edfico<\/p>\n<\/div>\n<table class=\"o-product-features\" role=\"presentation\" width=\"1216\" data-cerberus=\"TABLE_AttributesProduct\">\n<caption class=\"kl-hidden-accessibility\">\u00a0<\/caption>\n<tbody>\n<tr class=\"m-product-attr-row\">\n<th class=\"m-product-attr-row__name\" scope=\"row\">Marca del producto<\/th>\n<td class=\"m-product-attr-row__value\">BIOFORESTAL<\/td>\n<\/tr>\n<tr class=\"m-product-attr-row\">\n<th class=\"m-product-attr-row__name\" scope=\"row\">Tipo de producto<\/th>\n<td class=\"m-product-attr-row__value\">Pelet<\/td>\n<\/tr>\n<tr class=\"m-product-attr-row\">\n<th class=\"m-product-attr-row__name\" scope=\"row\">Tipo de madera<\/th>\n<td class=\"m-product-attr-row__value\">Granulados de madera<\/td>\n<\/tr>\n<tr class=\"m-product-attr-row\">\n<th class=\"m-product-attr-row__name\" scope=\"row\">Especie de la madera<\/th>\n<td class=\"m-product-attr-row__value\">Pino<\/td>\n<\/tr>\n<tr class=\"m-product-attr-row\">\n<th class=\"m-product-attr-row__name\" scope=\"row\">Composici\u00f3n<\/th>\n<td class=\"m-product-attr-row__value\">90% Pino, 10% Frondosas<\/td>\n<\/tr>\n<tr class=\"m-product-attr-row\">\n<th class=\"m-product-attr-row__name\" scope=\"row\">Tasa de humedad (en %)<\/th>\n<td class=\"m-product-attr-row__value\">4.6<\/td>\n<\/tr>\n<tr class=\"m-product-attr-row\">\n<th class=\"m-product-attr-row__name\" scope=\"row\">Producci\u00f3n de ceniza (en %)<\/th>\n<td class=\"m-product-attr-row__value\">0.55<\/td>\n<\/tr>\n<tr class=\"m-product-attr-row\">\n<th class=\"m-product-attr-row__name\" scope=\"row\">Certificaci\u00f3n<\/th>\n<td class=\"m-product-attr-row__value\">ENplus A1<\/td>\n<\/tr>\n<tr class=\"m-product-attr-row\">\n<th class=\"m-product-attr-row__name\" scope=\"row\">Certificaci\u00f3n de madera<\/th>\n<td class=\"m-product-attr-row__value\">PEFC<\/td>\n<\/tr>\n<tr class=\"m-product-attr-row\">\n<th class=\"m-product-attr-row__name\" scope=\"row\">Pa\u00eds de fabricaci\u00f3n<\/th>\n<td class=\"m-product-attr-row__value\">Espa\u00f1a<\/td>\n<\/tr>\n<tr class=\"m-product-attr-row\">\n<th class=\"m-product-attr-row__name\" scope=\"row\">Pa\u00eds de origen de la madera<\/th>\n<td class=\"m-product-attr-row__value\">Espa\u00f1a<\/td>\n<\/tr>\n<tr class=\"m-product-attr-row\">\n<th class=\"m-product-attr-row__name\" scope=\"row\">Tipo de embalaje<\/th>\n<td class=\"m-product-attr-row__value\">Embalaje de pl\u00e1stico retractilado<\/td>\n<\/tr>\n<tr class=\"m-product-attr-row\">\n<th class=\"m-product-attr-row__name\" scope=\"row\">Tipo de almacenamiento recomendado<\/th>\n<td class=\"m-product-attr-row__value\">En seco en el interior<\/td>\n<\/tr>\n<tr class=\"m-product-attr-row\">\n<th class=\"m-product-attr-row__name\" scope=\"row\">Peso neto (en kg)<\/th>\n<td class=\"m-product-attr-row__value\">1050<\/td>\n<\/tr>\n<tr class=\"m-product-attr-row\">\n<th class=\"m-product-attr-row__name\" scope=\"row\">Cantidad de sacos por pal\u00e9<\/th>\n<td class=\"m-product-attr-row__value\">70<\/td>\n<\/tr>\n<tr class=\"m-product-attr-row\">\n<th class=\"m-product-attr-row__name\" scope=\"row\">Material principal en la masa total del producto<\/th>\n<td class=\"m-product-attr-row__value\">Madera<\/td>\n<\/tr>\n<tr class=\"m-product-attr-row\">\n<th class=\"m-product-attr-row__name\" scope=\"row\">Garant\u00eda (en a\u00f1os)<\/th>\n<td class=\"m-product-attr-row__value\">3<\/td>\n<\/tr>\n<\/tbody>\n<\/table>\n<p>&nbsp;<\/p>\n<table class=\"o-product-features\" role=\"presentation\" width=\"1219\" data-cerberus=\"TABLE_AttributesProduct\">\n<caption class=\"kl-hidden-accessibility\">\u00a0<\/caption>\n<tbody>\n<tr class=\"m-product-attr-row\">\n<th class=\"m-product-attr-row__name\" scope=\"row\">Producto empaquetado: anchura (en cm)<\/th>\n<td class=\"m-product-attr-row__value\">120<\/td>\n<\/tr>\n<tr class=\"m-product-attr-row\">\n<th class=\"m-product-attr-row__name\" scope=\"row\">Producto empaquetado: altura (en cm)<\/th>\n<td class=\"m-product-attr-row__value\">150<\/td>\n<\/tr>\n<tr class=\"m-product-attr-row\">\n<th class=\"m-product-attr-row__name\" scope=\"row\">Producto empaquetado: profundidad (en cm)<\/th>\n<td class=\"m-product-attr-row__value\">110<\/td>\n<\/tr>\n<tr class=\"\">\n<th class=\"m-product-attr-row__name\" scope=\"row\">Producto empaquetado: peso (en kg)<\/th>\n<td class=\"m-product-attr-row__value\">\n<h3>1075<\/h3>\n<\/td>\n<\/tr>\n<\/tbody>\n<\/table>\n","protected":false},"excerpt":{"rendered":"<h5>Pal\u00e9 con 70 sacos de pellets de 15 kg cada uno, que generan un alto poder calor\u00edfico en las calderas, hogueras o estufas compatibles que proporcionan gran energ\u00eda natural. Estos pellets producen muy poco CO\u2082 cuando se consumen y ayudan a reducir la emisi\u00f3n de gases perjudiciales. Adem\u00e1s no producen olores y no afectar\u00e1n a tu salud. Este producto no contiene sustancias peligrosas para las personas o el medio ambiente. Cuenta con el sello PEFC, que certifica que la madera que contiene proviene de bosques gestionados de forma sostenible y respetuosa con el medioambiente. Contenido del palet: 1.050 kg. Transporte incluido a pie de veh\u00edculo, exclusivamente en Pen\u00ednsula.<\/h5>\n","protected":false},"featured_media":4170,"template":"","meta":[],"product_brand":[],"product_cat":[157],"product_tag":[],"class_list":{"0":"post-4169","1":"product","2":"type-product","3":"status-publish","4":"has-post-thumbnail","6":"product_cat-granulos-de-pellets","8":"first","9":"instock","10":"sale","11":"shipping-taxable","12":"purchasable","13":"product-type-simple"},"jetpack_sharing_enabled":true,"_links":{"self":[{"href":"https:\/\/pelletslenaecologica.es\/index.php?rest_route=\/wp\/v2\/product\/4169","targetHints":{"allow":["GET"]}}],"collection":[{"href":"https:\/\/pelletslenaecologica.es\/index.php?rest_route=\/wp\/v2\/product"}],"about":[{"href":"https:\/\/pelletslenaecologica.es\/index.php?rest_route=\/wp\/v2\/types\/product"}],"wp:featuredmedia":[{"embeddable":true,"href":"https:\/\/pelletslenaecologica.es\/index.php?rest_route=\/wp\/v2\/media\/4170"}],"wp:attachment":[{"href":"https:\/\/pelletslenaecologica.es\/index.php?rest_route=%2Fwp%2Fv2%2Fmedia&parent=4169"}],"wp:term":[{"taxonomy":"product_brand","embeddable":true,"href":"https:\/\/pelletslenaecologica.es\/index.php?rest_route=%2Fwp%2Fv2%2Fproduct_brand&post=4169"},{"taxonomy":"product_cat","embeddable":true,"href":"https:\/\/pelletslenaecologica.es\/index.php?rest_route=%2Fwp%2Fv2%2Fproduct_cat&post=4169"},{"taxonomy":"product_tag","embeddable":true,"href":"https:\/\/pelletslenaecologica.es\/index.php?rest_route=%2Fwp%2Fv2%2Fproduct_tag&post=4169"}],"curies":[{"name":"wp","href":"https:\/\/api.w.org\/{rel}","templated":true}]}}