{"id":4167,"date":"2025-12-12T14:01:21","date_gmt":"2025-12-12T13:01:21","guid":{"rendered":"https:\/\/pelletslenaecologica.es\/?post_type=product&#038;p=4167"},"modified":"2025-12-12T14:01:21","modified_gmt":"2025-12-12T13:01:21","slug":"cyl-pellet-1-palet-de-77-sacos-de-15kg-enplus","status":"publish","type":"product","link":"https:\/\/pelletslenaecologica.es\/?product=cyl-pellet-1-palet-de-77-sacos-de-15kg-enplus","title":{"rendered":"CYL PELLET \u2013 1 Palet de 77 sacos de 15Kg Enplus"},"content":{"rendered":"<p>Pal\u00e9 con 77 sacos de pellet de 15 kg cada uno, combustible natural que genera un alto poder calor\u00edfico con muy bajos niveles de CO\u2082, lo que contribuye a reducir las emisiones de gases perjudiciales a la atm\u00f3sfera. Adem\u00e1s no produce olores, por lo que proporciona un calor ecol\u00f3gico, limpio y seguro. Cuenta con el certificado EN Plus A1, que garantiza que se ha utilizado madera virgen, sin tratamientos qu\u00edmicos, y el sello PEFC, que certifica que la madera que contiene proviene de bosques gestionados de forma sostenible y respetuosa con el medioambiente. Este producto no contiene sustancias peligrosas para las personas o el medio ambiente.<\/p>\n<p>Reconocida por la OCU como la mejor marca de pellets<\/p>\n<p>Sin tratamientos qu\u00edmicos. No producen olores. Ecol\u00f3gico y respetuoso con el medioambiente y las personas<\/p>\n<p>Ecol\u00f3gico y respetuoso con el medioambiente y las personas<\/p>\n<p>No producen olores<\/p>\n<p>ENTREGA GRATIS en toda la pen\u00ednsula.<\/p>\n<p>Marca del producto CYLPELLETS<\/p>\n<p>Composici\u00f3n Madera de pino 100 % descortezada<\/p>\n<p>Tasa de humedad (en %) 5.4<\/p>\n<p>Producci\u00f3n de ceniza (en %) 0.5<\/p>\n<p>Norma o etiqueta DIN ENplus A1<\/p>\n<p>Tipo de almacenamiento recomendado En seco en el interior<\/p>\n<p>Tipo de embalaje Saco<\/p>\n<p>Tipo de envio Entrega Gratis<\/p>\n","protected":false},"excerpt":{"rendered":"<p>Sin tratamientos qu\u00edmicos. No producen olores. Ecol\u00f3gico y respetuoso con el medioambiente y las personas<\/p>\n<p>Ecol\u00f3gico y respetuoso con el medioambiente y las personas<\/p>\n<p>No producen olores<\/p>\n","protected":false},"featured_media":4168,"template":"","meta":[],"product_brand":[],"product_cat":[157],"product_tag":[],"class_list":{"0":"post-4167","1":"product","2":"type-product","3":"status-publish","4":"has-post-thumbnail","6":"product_cat-granulos-de-pellets","8":"first","9":"instock","10":"sale","11":"shipping-taxable","12":"purchasable","13":"product-type-simple"},"jetpack_sharing_enabled":true,"_links":{"self":[{"href":"https:\/\/pelletslenaecologica.es\/index.php?rest_route=\/wp\/v2\/product\/4167","targetHints":{"allow":["GET"]}}],"collection":[{"href":"https:\/\/pelletslenaecologica.es\/index.php?rest_route=\/wp\/v2\/product"}],"about":[{"href":"https:\/\/pelletslenaecologica.es\/index.php?rest_route=\/wp\/v2\/types\/product"}],"wp:featuredmedia":[{"embeddable":true,"href":"https:\/\/pelletslenaecologica.es\/index.php?rest_route=\/wp\/v2\/media\/4168"}],"wp:attachment":[{"href":"https:\/\/pelletslenaecologica.es\/index.php?rest_route=%2Fwp%2Fv2%2Fmedia&parent=4167"}],"wp:term":[{"taxonomy":"product_brand","embeddable":true,"href":"https:\/\/pelletslenaecologica.es\/index.php?rest_route=%2Fwp%2Fv2%2Fproduct_brand&post=4167"},{"taxonomy":"product_cat","embeddable":true,"href":"https:\/\/pelletslenaecologica.es\/index.php?rest_route=%2Fwp%2Fv2%2Fproduct_cat&post=4167"},{"taxonomy":"product_tag","embeddable":true,"href":"https:\/\/pelletslenaecologica.es\/index.php?rest_route=%2Fwp%2Fv2%2Fproduct_tag&post=4167"}],"curies":[{"name":"wp","href":"https:\/\/api.w.org\/{rel}","templated":true}]}}