{"id":4161,"date":"2025-12-12T13:49:17","date_gmt":"2025-12-12T12:49:17","guid":{"rendered":"https:\/\/pelletslenaecologica.es\/?post_type=product&#038;p=4161"},"modified":"2025-12-12T13:49:17","modified_gmt":"2025-12-12T12:49:17","slug":"carbon-mineral-de-antracita-30-sacos-17kgu","status":"publish","type":"product","link":"https:\/\/pelletslenaecologica.es\/?product=carbon-mineral-de-antracita-30-sacos-17kgu","title":{"rendered":"Carbon mineral de antracita 30 sacos 17kgu"},"content":{"rendered":"","protected":false},"excerpt":{"rendered":"<p>El carb\u00f3n mineral de antracita es una de las fuentes de energ\u00eda s\u00f3lida m\u00e1s eficientes del mercado, ideal para calderas, estufas y sistemas de calefacci\u00f3n que requieren una combusti\u00f3n prolongada y potente.<\/p>\n","protected":false},"featured_media":4162,"template":"","meta":[],"product_brand":[],"product_cat":[157],"product_tag":[],"class_list":{"0":"post-4161","1":"product","2":"type-product","3":"status-publish","4":"has-post-thumbnail","6":"product_cat-granulos-de-pellets","8":"first","9":"instock","10":"sale","11":"shipping-taxable","12":"purchasable","13":"product-type-simple"},"jetpack_sharing_enabled":true,"_links":{"self":[{"href":"https:\/\/pelletslenaecologica.es\/index.php?rest_route=\/wp\/v2\/product\/4161","targetHints":{"allow":["GET"]}}],"collection":[{"href":"https:\/\/pelletslenaecologica.es\/index.php?rest_route=\/wp\/v2\/product"}],"about":[{"href":"https:\/\/pelletslenaecologica.es\/index.php?rest_route=\/wp\/v2\/types\/product"}],"wp:featuredmedia":[{"embeddable":true,"href":"https:\/\/pelletslenaecologica.es\/index.php?rest_route=\/wp\/v2\/media\/4162"}],"wp:attachment":[{"href":"https:\/\/pelletslenaecologica.es\/index.php?rest_route=%2Fwp%2Fv2%2Fmedia&parent=4161"}],"wp:term":[{"taxonomy":"product_brand","embeddable":true,"href":"https:\/\/pelletslenaecologica.es\/index.php?rest_route=%2Fwp%2Fv2%2Fproduct_brand&post=4161"},{"taxonomy":"product_cat","embeddable":true,"href":"https:\/\/pelletslenaecologica.es\/index.php?rest_route=%2Fwp%2Fv2%2Fproduct_cat&post=4161"},{"taxonomy":"product_tag","embeddable":true,"href":"https:\/\/pelletslenaecologica.es\/index.php?rest_route=%2Fwp%2Fv2%2Fproduct_tag&post=4161"}],"curies":[{"name":"wp","href":"https:\/\/api.w.org\/{rel}","templated":true}]}}