{"id":4150,"date":"2025-12-12T13:31:15","date_gmt":"2025-12-12T12:31:15","guid":{"rendered":"https:\/\/pelletslenaecologica.es\/?post_type=product&#038;p=4150"},"modified":"2025-12-12T13:31:15","modified_gmt":"2025-12-12T12:31:15","slug":"gme-woodpellet-77-sacos","status":"publish","type":"product","link":"https:\/\/pelletslenaecologica.es\/?product=gme-woodpellet-77-sacos","title":{"rendered":"Gme woodpellet 77 sacos"},"content":{"rendered":"<p>El pellet de madera con certificado de calidad ENPlus A1, es una biomasa o combustible ecol\u00f3gico producido<\/p>\n<p>con un 100% de pino. No contiene aditivos. Por lo tanto, en su combusti\u00f3n no existe la presencia de emisiones nocivas.<\/p>\n<p>\u2022 Humedad: &lt; 10%.<\/p>\n<p>\u2022 Cenizas: &lt; 0,7%.<\/p>\n<p>\u2022 Di\u00e1metro: 6 mm.<\/p>\n<p>\u2022 Durabilidad mec\u00e1nica: &gt; 97,5%.<\/p>\n<p>\u2022 Densidad: &gt; 600 kg\/m\u00b3.<\/p>\n<p>\u2022 Poder calor\u00edfico: &gt; 4,100 Kcal\/Kg<\/p>\n<p>\u2022 Contenido de finos: &lt; 1%.<\/p>\n","protected":false},"excerpt":{"rendered":"<h5>Combustible en aplicaciones t\u00e9rmicas, como producci\u00f3n de calor, agua caliente sanitaria, vapor de agua y energ\u00eda en general.<\/h5>\n<h5>Seg\u00fan su aplicaci\u00f3n para la obtenci\u00f3n de energ\u00eda, se pueden emplear con estufas, calderas y hornos.<\/h5>\n<h5>Mantener el material a temperaturas inferiores a 40\u2070C. Almacenar en lugares secos. No mezclar con otras<\/h5>\n<h5>sustancias.<\/h5>\n<h5>Inflamabilidad: Producto estable.<\/h5>\n<h5>PRECAUCIONES<\/h5>\n<h5>Evitar el contacto con el agua.<\/h5>\n<h5>Uso en sistemas de combusti\u00f3n aptos para este tipo de combustible. Se recomienda el mantenimiento peri\u00f3dico de los mismos.<\/h5>\n","protected":false},"featured_media":4151,"template":"","meta":[],"product_brand":[],"product_cat":[157],"product_tag":[],"class_list":{"0":"post-4150","1":"product","2":"type-product","3":"status-publish","4":"has-post-thumbnail","6":"product_cat-granulos-de-pellets","8":"first","9":"instock","10":"sale","11":"shipping-taxable","12":"purchasable","13":"product-type-simple"},"jetpack_sharing_enabled":true,"_links":{"self":[{"href":"https:\/\/pelletslenaecologica.es\/index.php?rest_route=\/wp\/v2\/product\/4150","targetHints":{"allow":["GET"]}}],"collection":[{"href":"https:\/\/pelletslenaecologica.es\/index.php?rest_route=\/wp\/v2\/product"}],"about":[{"href":"https:\/\/pelletslenaecologica.es\/index.php?rest_route=\/wp\/v2\/types\/product"}],"wp:featuredmedia":[{"embeddable":true,"href":"https:\/\/pelletslenaecologica.es\/index.php?rest_route=\/wp\/v2\/media\/4151"}],"wp:attachment":[{"href":"https:\/\/pelletslenaecologica.es\/index.php?rest_route=%2Fwp%2Fv2%2Fmedia&parent=4150"}],"wp:term":[{"taxonomy":"product_brand","embeddable":true,"href":"https:\/\/pelletslenaecologica.es\/index.php?rest_route=%2Fwp%2Fv2%2Fproduct_brand&post=4150"},{"taxonomy":"product_cat","embeddable":true,"href":"https:\/\/pelletslenaecologica.es\/index.php?rest_route=%2Fwp%2Fv2%2Fproduct_cat&post=4150"},{"taxonomy":"product_tag","embeddable":true,"href":"https:\/\/pelletslenaecologica.es\/index.php?rest_route=%2Fwp%2Fv2%2Fproduct_tag&post=4150"}],"curies":[{"name":"wp","href":"https:\/\/api.w.org\/{rel}","templated":true}]}}