{"id":4146,"date":"2025-12-12T13:24:14","date_gmt":"2025-12-12T12:24:14","guid":{"rendered":"https:\/\/pelletslenaecologica.es\/?post_type=product&#038;p=4146"},"modified":"2025-12-12T13:24:57","modified_gmt":"2025-12-12T12:24:57","slug":"naturpellet-palet-70-sacos","status":"publish","type":"product","link":"https:\/\/pelletslenaecologica.es\/?product=naturpellet-palet-70-sacos","title":{"rendered":"Naturpellet \u2013 palet 70 sacos"},"content":{"rendered":"<p>Naturpellet, uno de los mejores pellets del mercado.<\/p>\n<p>Disponemos de\u00a0<strong>ENTREGA GRATIS<\/strong>\u00a0en toda la pen\u00ednsula.<\/p>\n<p>Fabricados a partir de materia prima de gran calidad, y mejorando d\u00eda a d\u00eda el proceso de producci\u00f3n para conseguir unos \u00f3ptimos valores de que le hacen contar con la doble certificaci\u00f3n\u00a0<strong>EnPlus A1<\/strong>\u00a0y\u00a0<strong>Din Plus<\/strong>, lo que garantiza que en su proceso de producci\u00f3n se utiliza madera virgen, sin ning\u00fan tipo de aditivo qu\u00edmico.<\/p>\n<p>Cuenta con el certificado EN Plus A1, que garantiza que se ha utilizado madera virgen, sin tratamientos qu\u00edmicos y utilizando los mejores procesos productivos para confeccionar un producto \u00f3ptimo para el mejor rendimiento de las estufas\/calderas.<\/p>\n<p>Ensacado en papel para reducir su impacto medioambiental. Tambi\u00e9n cuenta con la certificaci\u00f3n sello PEFC, que certifica que la madera que contiene proviene de bosques gestionados de forma sostenible y respetuosa con el medioambiente.<\/p>\n<p>Humedad: 5,4 %<\/p>\n<p>Poder Calor\u00edfico: 18,1 Mj\/kg<\/p>\n<p>Finos: &lt; 0,1 %<\/p>\n<p>Durabilidad mec\u00e1nica: 99,2 %<\/p>\n<p>Cenizas: 0,5%<\/p>\n<p>Sin ning\u00fan tipo de aditivo<\/p>\n","protected":false},"excerpt":{"rendered":"<h5>Con un saco lo\u00a0<strong>m\u00e1s sostenible posible<\/strong>, ensacado en sacos de papel fabricados con material reciclado 100 %, y que ayudan a mantener la sostenibilidad del producto hasta el final, evitando el impacto medioambiental que los sacos de pl\u00e1stico producen.<\/h5>\n","protected":false},"featured_media":4147,"template":"","meta":[],"product_brand":[],"product_cat":[157],"product_tag":[],"class_list":{"0":"post-4146","1":"product","2":"type-product","3":"status-publish","4":"has-post-thumbnail","6":"product_cat-granulos-de-pellets","8":"first","9":"instock","10":"sale","11":"shipping-taxable","12":"purchasable","13":"product-type-simple"},"jetpack_sharing_enabled":true,"_links":{"self":[{"href":"https:\/\/pelletslenaecologica.es\/index.php?rest_route=\/wp\/v2\/product\/4146","targetHints":{"allow":["GET"]}}],"collection":[{"href":"https:\/\/pelletslenaecologica.es\/index.php?rest_route=\/wp\/v2\/product"}],"about":[{"href":"https:\/\/pelletslenaecologica.es\/index.php?rest_route=\/wp\/v2\/types\/product"}],"wp:featuredmedia":[{"embeddable":true,"href":"https:\/\/pelletslenaecologica.es\/index.php?rest_route=\/wp\/v2\/media\/4147"}],"wp:attachment":[{"href":"https:\/\/pelletslenaecologica.es\/index.php?rest_route=%2Fwp%2Fv2%2Fmedia&parent=4146"}],"wp:term":[{"taxonomy":"product_brand","embeddable":true,"href":"https:\/\/pelletslenaecologica.es\/index.php?rest_route=%2Fwp%2Fv2%2Fproduct_brand&post=4146"},{"taxonomy":"product_cat","embeddable":true,"href":"https:\/\/pelletslenaecologica.es\/index.php?rest_route=%2Fwp%2Fv2%2Fproduct_cat&post=4146"},{"taxonomy":"product_tag","embeddable":true,"href":"https:\/\/pelletslenaecologica.es\/index.php?rest_route=%2Fwp%2Fv2%2Fproduct_tag&post=4146"}],"curies":[{"name":"wp","href":"https:\/\/api.w.org\/{rel}","templated":true}]}}