{"id":4142,"date":"2025-12-12T13:13:17","date_gmt":"2025-12-12T12:13:17","guid":{"rendered":"https:\/\/pelletslenaecologica.es\/?post_type=product&#038;p=4142"},"modified":"2025-12-12T13:13:17","modified_gmt":"2025-12-12T12:13:17","slug":"caldera-de-pellets-vulkano-30-kw","status":"publish","type":"product","link":"https:\/\/pelletslenaecologica.es\/?product=caldera-de-pellets-vulkano-30-kw","title":{"rendered":"Caldera de Pellets Vulkano 30 kW"},"content":{"rendered":"<h2 class=\"fusion-responsive-typography-calculated\" data-fontsize=\"40\" data-lineheight=\"48px\"><strong>Datos t\u00e9cnicos caldera de pellets para radiadores:<\/strong><\/h2>\n<ul>\n<li><strong>Superficie calefactable:<\/strong>\u00a0300\/500 m2<\/li>\n<li><strong>Potencia al agua:<\/strong>\u00a028 kW<\/li>\n<li><strong>Dimensiones (cm):<\/strong>\u00a0Al. 130, An L.77, Pr. 80<\/li>\n<li><strong>Bomba de circulaci\u00f3n de agua y vaso de expansi\u00f3n de 7 litros incluidos<\/strong><\/li>\n<li><strong>Eficiencia:<\/strong>\u00a093,2%<\/li>\n<li><strong>Programaci\u00f3n:<\/strong>\u00a0diaria \/ semanal<\/li>\n<li><strong>Potencia t\u00e9rmica m\u00e1xima introducida:<\/strong>\u00a030 kW<\/li>\n<li><strong>Potencia t\u00e9rmica m\u00ednima introducida:<\/strong>\u00a07,9 kW<\/li>\n<li><strong>Rendimiento de combusti\u00f3n a m\u00e1xima potencia:<\/strong>\u00a093,20%<\/li>\n<li><strong>Rendimiento de combusti\u00f3n a m\u00ednima potencia:<\/strong>\u00a092,20%<\/li>\n<li><strong>Capacidad del dep\u00f3sito:<\/strong>\u00a0100 L<\/li>\n<li><strong>Autonom\u00eda m\u00e1xima:<\/strong>\u00a025 horas (ciclo continuo)<\/li>\n<li><strong>Consumo m\u00e1ximo de pellets:<\/strong>\u00a0Dependiendo de la clase energ\u00e9tica de la casa\/h<\/li>\n<li><strong>Consumo m\u00ednimo de pellets:<\/strong>\u00a01,86 kg\/h<\/li>\n<li><strong>Peso en vac\u00edo:<\/strong>\u00a0300 kg<\/li>\n<li><strong>Di\u00e1metro salida de humos:<\/strong>\u00a0100 mm<\/li>\n<li><strong>Absorci\u00f3n el\u00e9ctrica:<\/strong>\u00a0150\/360 W<\/li>\n<li><strong>Temperatura m\u00e1xima de humos:<\/strong>\u00a083 \u00b0C<\/li>\n<li><strong>Tiro conducto de humo:<\/strong>\u00a011,6 Pa<\/li>\n<li><strong>C\u00e1mara de combusti\u00f3n:<\/strong>\u00a0Fabricada en Acero 310s, un acero refractario especial que garantiza un rendimiento t\u00e9rmico superior al de la vermiculita (utilizada por otros fabricantes) y al del hierro fundido (eficiente desde el punto de vista t\u00e9rmico, pero m\u00e1s poroso y, por tanto, m\u00e1s dif\u00edcil de limpiar).<\/li>\n<\/ul>\n","protected":false},"excerpt":{"rendered":"<h5>Vulkano es una\u00a0<strong>caldera de pellets de clase 5<\/strong>\u00a0que incorpora un sistema de limpieza del brasero por aire. Tambi\u00e9n est\u00e1 disponible una\u00a0versi\u00f3n con limpieza autom\u00e1tica\u00a0mec\u00e1nica de \u00faltima generaci\u00f3n.<\/h5>\n<h5>La\u00a0<strong>caldera de pellets de 30 kW<\/strong>\u00a0puede generar agua caliente suficiente para alimentar la calefacci\u00f3n de viviendas de hasta 500 m2. Desde el 1 \u00b0 de Febrero 2024 ofrecemos este art\u00edculo en promoci\u00f3n, aplicando un\u00a0<strong>70% de descuento<\/strong>\u00a0sobre su precio de venta al p\u00fablico. Como para todos nuestros art\u00edculos, el env\u00edo es gratuito y puede contar con nuestra red de instaladores expertos en todo el territorio nacional.<\/h5>\n<h5>Nuestra oferta es\u00a0<strong>limitada a s\u00f3lo 20 calderas:<\/strong>\u00a0cuando ya no queden unidades disponibles, aplicaremos nuevamente su precio habitual de venta, hasta agotar existencias.<\/h5>\n<h5>La caldera est\u00e1 equipada con un\u00a0<strong>dep\u00f3sito interno<\/strong>\u00a0de pellets de 100 litros, que asegura una\u00a0<strong>autonom\u00eda<\/strong>\u00a0de aproximadamente 1 d\u00eda (25 horas, ciclo continuo). Los valores reales de la autonom\u00eda de esta\u00a0<strong>caldera de biomasa<\/strong>\u00a0dependen de las condiciones efectivas de funcionamiento y podr\u00edan ser incluso superiores a los indicados.<\/h5>\n","protected":false},"featured_media":4143,"template":"","meta":[],"product_brand":[],"product_cat":[156],"product_tag":[],"class_list":{"0":"post-4142","1":"product","2":"type-product","3":"status-publish","4":"has-post-thumbnail","6":"product_cat-estufas-de-pellets","8":"first","9":"instock","10":"sale","11":"shipping-taxable","12":"purchasable","13":"product-type-simple"},"jetpack_sharing_enabled":true,"_links":{"self":[{"href":"https:\/\/pelletslenaecologica.es\/index.php?rest_route=\/wp\/v2\/product\/4142","targetHints":{"allow":["GET"]}}],"collection":[{"href":"https:\/\/pelletslenaecologica.es\/index.php?rest_route=\/wp\/v2\/product"}],"about":[{"href":"https:\/\/pelletslenaecologica.es\/index.php?rest_route=\/wp\/v2\/types\/product"}],"wp:featuredmedia":[{"embeddable":true,"href":"https:\/\/pelletslenaecologica.es\/index.php?rest_route=\/wp\/v2\/media\/4143"}],"wp:attachment":[{"href":"https:\/\/pelletslenaecologica.es\/index.php?rest_route=%2Fwp%2Fv2%2Fmedia&parent=4142"}],"wp:term":[{"taxonomy":"product_brand","embeddable":true,"href":"https:\/\/pelletslenaecologica.es\/index.php?rest_route=%2Fwp%2Fv2%2Fproduct_brand&post=4142"},{"taxonomy":"product_cat","embeddable":true,"href":"https:\/\/pelletslenaecologica.es\/index.php?rest_route=%2Fwp%2Fv2%2Fproduct_cat&post=4142"},{"taxonomy":"product_tag","embeddable":true,"href":"https:\/\/pelletslenaecologica.es\/index.php?rest_route=%2Fwp%2Fv2%2Fproduct_tag&post=4142"}],"curies":[{"name":"wp","href":"https:\/\/api.w.org\/{rel}","templated":true}]}}