{"id":4140,"date":"2025-12-12T13:10:34","date_gmt":"2025-12-12T12:10:34","guid":{"rendered":"https:\/\/pelletslenaecologica.es\/?post_type=product&#038;p=4140"},"modified":"2025-12-12T13:10:34","modified_gmt":"2025-12-12T12:10:34","slug":"california-9-kw-5-estrellas","status":"publish","type":"product","link":"https:\/\/pelletslenaecologica.es\/?product=california-9-kw-5-estrellas","title":{"rendered":"California 9 kW \u2013 5 Estrellas"},"content":{"rendered":"<p>Consulte\u00a0<strong>AQU\u00cd<\/strong>\u00a0el plano de medidas para conocer las dimensiones exactas de este modelo.<\/p>\n<p><strong>Datos t\u00e9cnicos Estufa:<\/strong><\/p>\n<ul>\n<li>Superficie calefactable: 80 m2<\/li>\n<li>Dimensiones (cm): Al. 93, An. 49, Pr. 51<\/li>\n<li>Capacidad del dep\u00f3sito: 15 kg<\/li>\n<li>Peso en vac\u00edo: 85 kg<\/li>\n<li>Eficiencia: 92,1%<\/li>\n<li>Programaci\u00f3n:\u00a0diaria \/ semanal<\/li>\n<li>Potencia \u00fatil m\u00e1xima: 9,0 kW<\/li>\n<li>Potencia \u00fatil m\u00ednima: 3,50 kW<\/li>\n<li>Rendimiento de combusti\u00f3n a m\u00e1xima potencia: 92,1%<\/li>\n<li>Rendimiento de combusti\u00f3n a m\u00ednima potencia: 92,7%<\/li>\n<li>Autonom\u00eda m\u00e1xima: 20 h<\/li>\n<li>Consumo m\u00e1ximo de pellets: Dependiendo de la clase energ\u00e9tica de la casa\/h<\/li>\n<li>Consumo m\u00ednimo de pellets: 0,73 kg\/h<\/li>\n<li>Di\u00e1metro salida de humos: 80 mm<\/li>\n<li><strong>Acreditaci\u00f3n medioambiental: 5 estrellas<\/strong><\/li>\n<li>Absorci\u00f3n el\u00e9ctrica: 150\/360 W<\/li>\n<li><strong>Control remoto<\/strong>: Puedes\u00a0comprarlo aqu\u00ed\u00a0junto con otros\u00a0accesorios y repuestos\u00a0siempre disponibles para entrega inmediata<\/li>\n<li><strong>C\u00e1mara de combusti\u00f3n<\/strong>: Fabricada en Acero 310s, un acero refractario especial que garantiza un\u00a0<strong>rendimiento t\u00e9rmico superior<\/strong>\u00a0al de la vermiculita (utilizada por otros fabricantes) y al del hierro fundido (eficiente desde el punto de vista t\u00e9rmico, pero m\u00e1s poroso y, por tanto, m\u00e1s dif\u00edcil de limpiar).<\/li>\n<\/ul>\n","protected":false},"excerpt":{"rendered":"<h5>La nueva California 9 kW de 5 estrellas es una\u00a0estufa de pellets de peque\u00f1as dimensiones\u00a0que ha obtenido la certificaci\u00f3n de\u00a0<strong>5 estrellas<\/strong>, lo que significa que tiene\u00a0<strong>el grado de eficiencia m\u00e1s alto<\/strong>\u00a0disponible en el mercado.<\/h5>\n<h5>Esta estufa de pellets de aire puede\u00a0<strong>calentar hasta 80 metros cuadrados<\/strong>\u00a0y es muy silenciosa gracias a las nuevas tecnolog\u00edas. La salida de aire en la parte superior del producto garantiza un calentamiento uniforme del entorno.<\/h5>\n<h5>Su peso ligero facilita su movilidad y las 3 opciones de color disponibles, rojo, negro y blanco, la convierten en un objeto de decoraci\u00f3n que siempre se adapta al estilo de la vivienda en la que se instala.<\/h5>\n","protected":false},"featured_media":4141,"template":"","meta":[],"product_brand":[],"product_cat":[156],"product_tag":[],"class_list":{"0":"post-4140","1":"product","2":"type-product","3":"status-publish","4":"has-post-thumbnail","6":"product_cat-estufas-de-pellets","8":"first","9":"instock","10":"sale","11":"shipping-taxable","12":"purchasable","13":"product-type-simple"},"jetpack_sharing_enabled":true,"_links":{"self":[{"href":"https:\/\/pelletslenaecologica.es\/index.php?rest_route=\/wp\/v2\/product\/4140","targetHints":{"allow":["GET"]}}],"collection":[{"href":"https:\/\/pelletslenaecologica.es\/index.php?rest_route=\/wp\/v2\/product"}],"about":[{"href":"https:\/\/pelletslenaecologica.es\/index.php?rest_route=\/wp\/v2\/types\/product"}],"wp:featuredmedia":[{"embeddable":true,"href":"https:\/\/pelletslenaecologica.es\/index.php?rest_route=\/wp\/v2\/media\/4141"}],"wp:attachment":[{"href":"https:\/\/pelletslenaecologica.es\/index.php?rest_route=%2Fwp%2Fv2%2Fmedia&parent=4140"}],"wp:term":[{"taxonomy":"product_brand","embeddable":true,"href":"https:\/\/pelletslenaecologica.es\/index.php?rest_route=%2Fwp%2Fv2%2Fproduct_brand&post=4140"},{"taxonomy":"product_cat","embeddable":true,"href":"https:\/\/pelletslenaecologica.es\/index.php?rest_route=%2Fwp%2Fv2%2Fproduct_cat&post=4140"},{"taxonomy":"product_tag","embeddable":true,"href":"https:\/\/pelletslenaecologica.es\/index.php?rest_route=%2Fwp%2Fv2%2Fproduct_tag&post=4140"}],"curies":[{"name":"wp","href":"https:\/\/api.w.org\/{rel}","templated":true}]}}