{"id":4138,"date":"2025-12-12T13:07:38","date_gmt":"2025-12-12T12:07:38","guid":{"rendered":"https:\/\/pelletslenaecologica.es\/?post_type=product&#038;p=4138"},"modified":"2025-12-12T13:08:34","modified_gmt":"2025-12-12T12:08:34","slug":"canada-12-kw-5-estrellas","status":"publish","type":"product","link":"https:\/\/pelletslenaecologica.es\/?product=canada-12-kw-5-estrellas","title":{"rendered":"Canada 12 kW \u2013 5 Estrellas"},"content":{"rendered":"<p><strong>Datos t\u00e9cnicos Estufa:<\/strong><\/p>\n<ul>\n<li><strong>Superficie calefactable<\/strong>: 120 m2<\/li>\n<li>Dimensiones (cm): Al. 114, An. 57, Pr. 55<\/li>\n<li>Capacidad del dep\u00f3sito: 20 kg<\/li>\n<li>Peso en vac\u00edo: 85 kg<\/li>\n<li>Eficiencia: 91,4%<\/li>\n<li>Programaci\u00f3n:\u00a0diaria \/ semanal<\/li>\n<li>Potencia \u00fatil m\u00e1xima: 12,30 kW<\/li>\n<li>Potencia \u00fatil m\u00ednima: 4,60 kW<\/li>\n<li>Rendimiento de combusti\u00f3n a m\u00e1xima potencia: 91,4%<\/li>\n<li>Rendimiento de combusti\u00f3n a m\u00ednima potencia: 89,4%<\/li>\n<li><strong>Autonom\u00eda m\u00e1xima<\/strong>: 15 h<\/li>\n<li>Consumo m\u00e1ximo de pellets: Dependiendo de la clase energ\u00e9tica de la casa\/h<\/li>\n<li>Consumo m\u00ednimo de pellets: 1,05 kg\/h<\/li>\n<li>Di\u00e1metro salida de humos: 80 mm<\/li>\n<li><strong>Acreditaci\u00f3n medioambiental: 5 estrellas<\/strong><\/li>\n<li>Absorci\u00f3n el\u00e9ctrica: 150\/360 W<\/li>\n<li><strong>Control remoto<\/strong>: Puedes\u00a0comprarlo aqu\u00ed\u00a0junto con otros\u00a0accesorios y repuestos\u00a0siempre disponibles para entrega inmediata<\/li>\n<li>C\u00e1mara de combusti\u00f3n: Fabricada en Acero 310s, un acero refractario especial que garantiza un rendimiento t\u00e9rmico superior al de la vermiculita (utilizada por otros fabricantes) y al del hierro fundido (eficiente desde el punto de vista t\u00e9rmico, pero m\u00e1s poroso y, por tanto, m\u00e1s dif\u00edcil de limpiar)<\/li>\n<\/ul>\n","protected":false},"excerpt":{"rendered":"<p>La nueva estufa de pellets Canada 12 kw ha obtenido la Certificaci\u00f3n medioambiental de\u00a0<strong>5 estrellas<\/strong>, que acredita el cumplimiento de las normativas medioambientales m\u00e1s estrictas y garantiza el nivel de eficiencia m\u00e1s alto del mercado.<\/p>\n<h5>Dise\u00f1ada para calentar hasta 120 m2, sus caracter\u00edsticas tecnol\u00f3gicas de \u00faltima generaci\u00f3n la hacen especialmente silenciosa.<br \/>\nLa salida de aire situada en la parte superior de la estufa asegura una distribuci\u00f3n uniforme del calor en la habitaci\u00f3n.<br \/>\nAdem\u00e1s, puede ser\u00a0<strong>canalizable<\/strong>.<br \/>\nGracias a su peso reducido puede ser trasladada con facilidad. Disponible en 3 colores, se adapta a la perfecci\u00f3n a los diferentes estilos decorativos.<\/h5>\n<p>Decantarse por nuestra estufa de pellets certificada 5 estrellas supone apostar por una soluci\u00f3n ecol\u00f3gica, sostenible y c\u00f3moda para la calefacci\u00f3n del hogar. Elija la calidad y eficiencia de Stufe A Pellet Italia, compre hoy con env\u00edo gratuito.<\/p>\n","protected":false},"featured_media":4139,"template":"","meta":[],"product_brand":[],"product_cat":[156],"product_tag":[],"class_list":{"0":"post-4138","1":"product","2":"type-product","3":"status-publish","4":"has-post-thumbnail","6":"product_cat-estufas-de-pellets","8":"first","9":"instock","10":"sale","11":"shipping-taxable","12":"purchasable","13":"product-type-simple"},"jetpack_sharing_enabled":true,"_links":{"self":[{"href":"https:\/\/pelletslenaecologica.es\/index.php?rest_route=\/wp\/v2\/product\/4138","targetHints":{"allow":["GET"]}}],"collection":[{"href":"https:\/\/pelletslenaecologica.es\/index.php?rest_route=\/wp\/v2\/product"}],"about":[{"href":"https:\/\/pelletslenaecologica.es\/index.php?rest_route=\/wp\/v2\/types\/product"}],"wp:featuredmedia":[{"embeddable":true,"href":"https:\/\/pelletslenaecologica.es\/index.php?rest_route=\/wp\/v2\/media\/4139"}],"wp:attachment":[{"href":"https:\/\/pelletslenaecologica.es\/index.php?rest_route=%2Fwp%2Fv2%2Fmedia&parent=4138"}],"wp:term":[{"taxonomy":"product_brand","embeddable":true,"href":"https:\/\/pelletslenaecologica.es\/index.php?rest_route=%2Fwp%2Fv2%2Fproduct_brand&post=4138"},{"taxonomy":"product_cat","embeddable":true,"href":"https:\/\/pelletslenaecologica.es\/index.php?rest_route=%2Fwp%2Fv2%2Fproduct_cat&post=4138"},{"taxonomy":"product_tag","embeddable":true,"href":"https:\/\/pelletslenaecologica.es\/index.php?rest_route=%2Fwp%2Fv2%2Fproduct_tag&post=4138"}],"curies":[{"name":"wp","href":"https:\/\/api.w.org\/{rel}","templated":true}]}}