{"id":4136,"date":"2025-12-12T13:04:05","date_gmt":"2025-12-12T12:04:05","guid":{"rendered":"https:\/\/pelletslenaecologica.es\/?post_type=product&#038;p=4136"},"modified":"2025-12-12T13:04:06","modified_gmt":"2025-12-12T12:04:06","slug":"marmolada-13-kw-5-estrellas","status":"publish","type":"product","link":"https:\/\/pelletslenaecologica.es\/?product=marmolada-13-kw-5-estrellas","title":{"rendered":"Marmolada 13 kW \u2013 5 Estrellas"},"content":{"rendered":"<p><strong>Datos t\u00e9cnicos Estufa<\/strong><\/p>\n<ul>\n<li><strong>Superficie calefactable<\/strong>: 130 m2<\/li>\n<li><strong>Dimensiones (cm)<\/strong>: Al. 103, An. 106, Pr. 33<\/li>\n<li><strong>Capacidad del dep\u00f3sito<\/strong>: 20 kg<\/li>\n<li>Peso en vac\u00edo: 95 kg<\/li>\n<li>Eficiencia: 89,8%<\/li>\n<li>Programaci\u00f3n:\u00a0diaria \/ semanal<\/li>\n<li>Potencia \u00fatil m\u00e1xima: 12,5 kW<\/li>\n<li>Potencia \u00fatil m\u00ednima: 4,80 kW<\/li>\n<li>Rendimiento de combusti\u00f3n a m\u00e1xima potencia: 89,8%<\/li>\n<li>Rendimiento de combusti\u00f3n a m\u00ednima potencia: 90,9%<\/li>\n<li><strong>Autonom\u00eda m\u00e1xima<\/strong>: 20 h<\/li>\n<li>Consumo m\u00e1ximo de pellets: Dependiendo de la clase energ\u00e9tica de la casa\/h<\/li>\n<li>Consumo m\u00ednimo de pellets: 1,09 kg\/h<\/li>\n<li>Di\u00e1metro salida de humos: 80 mm<\/li>\n<li>Acreditaci\u00f3n medioambiental: 5 estrellas<\/li>\n<li>Absorci\u00f3n el\u00e9ctrica: 150\/360 W<\/li>\n<li><strong>Control remoto<\/strong>: Puedes\u00a0comprarlo aqu\u00ed\u00a0junto con otros\u00a0accesorios y repuestos\u00a0siempre disponibles para entrega inmediata<\/li>\n<li><strong>C\u00e1mara de combusti\u00f3n<\/strong>: Fabricada en Acero 310s, un acero refractario especial que garantiza un rendimiento t\u00e9rmico superior al de la vermiculita (utilizada por otros fabricantes) y al del hierro fundido (eficiente desde el punto de vista t\u00e9rmico, pero m\u00e1s poroso y, por tanto, m\u00e1s dif\u00edcil de limpiar).<\/li>\n<\/ul>\n","protected":false},"excerpt":{"rendered":"<h5>La nueva estufa de pellets\u00a0Marmolada 13 kW\u00a0ha obtenido la Certificaci\u00f3n medioambiental de\u00a05 estrellas, que acredita el cumplimiento de las normativas medioambientales m\u00e1s estrictas y garantiza el nivel de eficiencia m\u00e1s alto del mercado.<br \/>\nGracias a esta Certificaci\u00f3n podr\u00e1 beneficiarse de los incentivos fiscales contemplados para la transici\u00f3n energ\u00e9tica.<br \/>\nDise\u00f1ada para calentar\u00a0hasta 130 m2, sus caracter\u00edsticas tecnol\u00f3gicas de \u00faltima generaci\u00f3n la hacen\u00a0especialmente silenciosa.<br \/>\nPuede elegir entre salida de humos posterior o lateral izquierda, ya que la estufa ofrece ambas opciones. Adem\u00e1s, puede ser\u00a0canalizable.<\/h5>\n","protected":false},"featured_media":4137,"template":"","meta":[],"product_brand":[],"product_cat":[156],"product_tag":[],"class_list":{"0":"post-4136","1":"product","2":"type-product","3":"status-publish","4":"has-post-thumbnail","6":"product_cat-estufas-de-pellets","8":"first","9":"instock","10":"sale","11":"shipping-taxable","12":"purchasable","13":"product-type-simple"},"jetpack_sharing_enabled":true,"_links":{"self":[{"href":"https:\/\/pelletslenaecologica.es\/index.php?rest_route=\/wp\/v2\/product\/4136","targetHints":{"allow":["GET"]}}],"collection":[{"href":"https:\/\/pelletslenaecologica.es\/index.php?rest_route=\/wp\/v2\/product"}],"about":[{"href":"https:\/\/pelletslenaecologica.es\/index.php?rest_route=\/wp\/v2\/types\/product"}],"wp:featuredmedia":[{"embeddable":true,"href":"https:\/\/pelletslenaecologica.es\/index.php?rest_route=\/wp\/v2\/media\/4137"}],"wp:attachment":[{"href":"https:\/\/pelletslenaecologica.es\/index.php?rest_route=%2Fwp%2Fv2%2Fmedia&parent=4136"}],"wp:term":[{"taxonomy":"product_brand","embeddable":true,"href":"https:\/\/pelletslenaecologica.es\/index.php?rest_route=%2Fwp%2Fv2%2Fproduct_brand&post=4136"},{"taxonomy":"product_cat","embeddable":true,"href":"https:\/\/pelletslenaecologica.es\/index.php?rest_route=%2Fwp%2Fv2%2Fproduct_cat&post=4136"},{"taxonomy":"product_tag","embeddable":true,"href":"https:\/\/pelletslenaecologica.es\/index.php?rest_route=%2Fwp%2Fv2%2Fproduct_tag&post=4136"}],"curies":[{"name":"wp","href":"https:\/\/api.w.org\/{rel}","templated":true}]}}