{"id":4132,"date":"2025-12-12T12:54:43","date_gmt":"2025-12-12T11:54:43","guid":{"rendered":"https:\/\/pelletslenaecologica.es\/?post_type=product&#038;p=4132"},"modified":"2025-12-12T12:56:21","modified_gmt":"2025-12-12T11:56:21","slug":"san-diego-12-kw-5-estrellas","status":"publish","type":"product","link":"https:\/\/pelletslenaecologica.es\/?product=san-diego-12-kw-5-estrellas","title":{"rendered":"San Diego 12 kW \u2013 5 Estrellas"},"content":{"rendered":"","protected":false},"excerpt":{"rendered":"<h5>La nueva San Diego de 12 kw ha obtenido la\u00a0Certificaci\u00f3n medioambiental de 5 estrellas, que acredita el cumplimiento de las normativas medioambientales m\u00e1s estrictas y garantiza el nivel de eficiencia m\u00e1s alto del mercado.<\/h5>\n<h5>Dise\u00f1ada para calentar hasta 120 m2, sus caracter\u00edsticas tecnol\u00f3gicas de \u00faltima generaci\u00f3n la hacen especialmente silenciosa.<br \/>\nLa salida de aire situada en la parte superior de la estufa asegura una distribuci\u00f3n uniforme del calor en la habitaci\u00f3n.<br \/>\nAdem\u00e1s, puede ser\u00a0canalizable.<br \/>\nGracias a su peso reducido puede ser trasladada con facilidad. Disponible en 3 colores, se adapta a la perfecci\u00f3n a los diferentes estilos decorativos.<\/h5>\n<h5>Nuestra\u00a0estufa de pellets\u00a05 estrellas de 12 kw\u00a0incorpora novedosas funciones avanzadas, como el control autom\u00e1tico de la temperatura, el temporizador programable y una funci\u00f3n de apagado autom\u00e1tico que se activa cuando el dep\u00f3sito se queda sin pellets. Adem\u00e1s, el estudiado dise\u00f1o de su brasero facilita las tareas de limpieza y manutenci\u00f3n.<\/h5>\n","protected":false},"featured_media":4133,"template":"","meta":[],"product_brand":[],"product_cat":[156],"product_tag":[],"class_list":{"0":"post-4132","1":"product","2":"type-product","3":"status-publish","4":"has-post-thumbnail","6":"product_cat-estufas-de-pellets","8":"first","9":"instock","10":"sale","11":"shipping-taxable","12":"purchasable","13":"product-type-simple"},"jetpack_sharing_enabled":true,"_links":{"self":[{"href":"https:\/\/pelletslenaecologica.es\/index.php?rest_route=\/wp\/v2\/product\/4132","targetHints":{"allow":["GET"]}}],"collection":[{"href":"https:\/\/pelletslenaecologica.es\/index.php?rest_route=\/wp\/v2\/product"}],"about":[{"href":"https:\/\/pelletslenaecologica.es\/index.php?rest_route=\/wp\/v2\/types\/product"}],"wp:featuredmedia":[{"embeddable":true,"href":"https:\/\/pelletslenaecologica.es\/index.php?rest_route=\/wp\/v2\/media\/4133"}],"wp:attachment":[{"href":"https:\/\/pelletslenaecologica.es\/index.php?rest_route=%2Fwp%2Fv2%2Fmedia&parent=4132"}],"wp:term":[{"taxonomy":"product_brand","embeddable":true,"href":"https:\/\/pelletslenaecologica.es\/index.php?rest_route=%2Fwp%2Fv2%2Fproduct_brand&post=4132"},{"taxonomy":"product_cat","embeddable":true,"href":"https:\/\/pelletslenaecologica.es\/index.php?rest_route=%2Fwp%2Fv2%2Fproduct_cat&post=4132"},{"taxonomy":"product_tag","embeddable":true,"href":"https:\/\/pelletslenaecologica.es\/index.php?rest_route=%2Fwp%2Fv2%2Fproduct_tag&post=4132"}],"curies":[{"name":"wp","href":"https:\/\/api.w.org\/{rel}","templated":true}]}}