{"id":4123,"date":"2025-12-12T12:17:24","date_gmt":"2025-12-12T11:17:24","guid":{"rendered":"https:\/\/pelletslenaecologica.es\/?post_type=product&#038;p=4123"},"modified":"2025-12-12T12:22:30","modified_gmt":"2025-12-12T11:22:30","slug":"pasillo-slim-13kw-nevado","status":"publish","type":"product","link":"https:\/\/pelletslenaecologica.es\/?product=pasillo-slim-13kw-nevado","title":{"rendered":"Pasillo Slim 13kW \u2013 Nevado"},"content":{"rendered":"<h2>Estufa de pellets canalizable de pasillo \u2013 Nevado 13 Kw.<\/h2>\n<p>Considerado como uno de los modelos de estufa de pellets m\u00e1s competentes del mercado, el modelo Nevado posee un sistema de salida de humos de 80mm en las partes superior, trasera superior e trasera inferior. Adem\u00e1s, es canalizable hasta 8 metros y su quemador de fundici\u00f3n asegura una combusti\u00f3n de lo m\u00e1s potente que, a su vez, fluye de forma eficaz por todas las dependencias. El mismo posee un intercambiador de calor tubular de acero y sistemas de seguridad a base de termostatos eficientes. Un aliado de programaci\u00f3n semanal que puede autolimpiarse de forma electr\u00f3nica. Por si esto no fuera suficiente, el modelo nevado posee doble turbina, potenciando el efecto, cristal serigrafiado como perfecto aislante y hasta wifi incorporado a controlar mediante un mando con pantalla t\u00e1ctil. El perfecto compa\u00f1ero de invierno.<\/p>\n<ul>\n<li>Salida de humos 80mm: trasera e izquierda<\/li>\n<li>Canalizable hasta 8 metros: 1 salida de 80mm en la parte trasera izquierda, es posible cambiarla al lateral izquierdo<\/li>\n<li>Quemador de fundici\u00f3n<\/li>\n<li>C\u00e1mara de combusti\u00f3n revestida en vermiculita de alta densidad<\/li>\n<li>Intercambiador de calor tubular de acero<\/li>\n<li>Sistemas de seguridad: termostatos de seguridad en salida de humos, tolva y sinf\u00edn y presostato.<\/li>\n<li>Programaci\u00f3n semanal. Encendido y apagado autom\u00e1tico<\/li>\n<li>Autolimpieza de quemador controlada electr\u00f3nicamente<\/li>\n<li>Sistema de cristal limpio<\/li>\n<li>Cristal SCHOTT ROBAX 4mm<\/li>\n<\/ul>\n<p class=\"h6\">Ficha de datos<\/p>\n<dl class=\"data-sheet\">\n<dt class=\"name\">Potencia Calor\u00edfica Directa<\/dt>\n<dd class=\"value\">13.55 kW<\/dd>\n<dt class=\"name\">Potencia Calor\u00edfica M\u00e1xima\/M\u00ednima<\/dt>\n<dd class=\"value\">13.52\/3.68 kW<\/dd>\n<dt class=\"name\">Rendimiento (Potencia Calor\u00edfica Nominal)<\/dt>\n<dd class=\"value\">86.63 %<\/dd>\n<dt class=\"name\">Superficie Calefactable Recomendada<\/dt>\n<dd class=\"value\">110 m2<\/dd>\n<dt class=\"name\">Capacidad Tolva<\/dt>\n<dd class=\"value\">20 kg<\/dd>\n<dt class=\"name\">Dimensiones<\/dt>\n<dd class=\"value\">84x109x31 cm<\/dd>\n<dt class=\"name\">Peso<\/dt>\n<dd class=\"value\">109 kg<\/dd>\n<dt class=\"name\">Nivel Sonoro (P.min\/P.max)<\/dt>\n<dd class=\"value\">25\/65 dB<\/dd>\n<dt class=\"name\">Consumo El\u00e9ctrico<\/dt>\n<dd class=\"value\">0.239\/0.588 kW<\/dd>\n<dt class=\"name\">Consumo El\u00e9ctrico en Modo Espera<\/dt>\n<dd class=\"value\">0.004 kW<\/dd>\n<dt class=\"name\">Consumo pellet\/hora (P.min\/P.max)<\/dt>\n<dd class=\"value\">0.75\/2.76 kg\/h<\/dd>\n<dt class=\"name\">coste\/hora (P.min\/P.max)<\/dt>\n<dd class=\"value\">17\/65 Cts\/h<\/dd>\n<dt class=\"name\">Eficiencia Energ\u00e9tica<\/dt>\n<dd class=\"value\">122.61 ns<\/dd>\n<dt class=\"name\">Clase Energ\u00e9tica<\/dt>\n<dd class=\"value\">A+<\/dd>\n<\/dl>\n","protected":false},"excerpt":{"rendered":"<ul>\n<li><strong>Env\u00edos y devoluciones gratuitos En toda Espa\u00f1a<\/strong>\u00a0Em todo o territ\u00f3rio em Espanha<\/li>\n<\/ul>\n<ul>\n<li><strong>Garant\u00eda de\u00a0<\/strong>Devoluci\u00f3n Si no est\u00e1 satisfecho<\/li>\n<\/ul>\n<ul>\n<li>Productos de calidad a precios bajos.<\/li>\n<\/ul>\n<ul>\n<li>Satisfacci\u00f3n garantizada<\/li>\n<\/ul>\n","protected":false},"featured_media":4125,"template":"","meta":[],"product_brand":[],"product_cat":[156],"product_tag":[],"class_list":{"0":"post-4123","1":"product","2":"type-product","3":"status-publish","4":"has-post-thumbnail","6":"product_cat-estufas-de-pellets","8":"first","9":"instock","10":"sale","11":"shipping-taxable","12":"purchasable","13":"product-type-simple"},"jetpack_sharing_enabled":true,"_links":{"self":[{"href":"https:\/\/pelletslenaecologica.es\/index.php?rest_route=\/wp\/v2\/product\/4123","targetHints":{"allow":["GET"]}}],"collection":[{"href":"https:\/\/pelletslenaecologica.es\/index.php?rest_route=\/wp\/v2\/product"}],"about":[{"href":"https:\/\/pelletslenaecologica.es\/index.php?rest_route=\/wp\/v2\/types\/product"}],"wp:featuredmedia":[{"embeddable":true,"href":"https:\/\/pelletslenaecologica.es\/index.php?rest_route=\/wp\/v2\/media\/4125"}],"wp:attachment":[{"href":"https:\/\/pelletslenaecologica.es\/index.php?rest_route=%2Fwp%2Fv2%2Fmedia&parent=4123"}],"wp:term":[{"taxonomy":"product_brand","embeddable":true,"href":"https:\/\/pelletslenaecologica.es\/index.php?rest_route=%2Fwp%2Fv2%2Fproduct_brand&post=4123"},{"taxonomy":"product_cat","embeddable":true,"href":"https:\/\/pelletslenaecologica.es\/index.php?rest_route=%2Fwp%2Fv2%2Fproduct_cat&post=4123"},{"taxonomy":"product_tag","embeddable":true,"href":"https:\/\/pelletslenaecologica.es\/index.php?rest_route=%2Fwp%2Fv2%2Fproduct_tag&post=4123"}],"curies":[{"name":"wp","href":"https:\/\/api.w.org\/{rel}","templated":true}]}}