{"id":3991,"date":"2025-12-12T00:35:10","date_gmt":"2025-12-11T23:35:10","guid":{"rendered":"https:\/\/pelletslenaecologica.es\/?page_id=3991"},"modified":"2025-12-13T16:39:45","modified_gmt":"2025-12-13T15:39:45","slug":"politica-de-envios","status":"publish","type":"page","link":"https:\/\/pelletslenaecologica.es\/?page_id=3991","title":{"rendered":"Pol\u00edtica de env\u00edos"},"content":{"rendered":"\t\t<div data-elementor-type=\"wp-page\" data-elementor-id=\"3991\" class=\"elementor elementor-3991\">\n\t\t\t\t<div class=\"elementor-element elementor-element-12762e2 e-flex e-con-boxed e-con e-parent\" data-id=\"12762e2\" data-element_type=\"container\">\n\t\t\t\t\t<div class=\"e-con-inner\">\n\t\t\t\t<div class=\"elementor-element elementor-element-3fa96fa elementor-widget elementor-widget-text-editor\" data-id=\"3fa96fa\" data-element_type=\"widget\" data-widget_type=\"text-editor.default\">\n\t\t\t\t\t\t\t\t\t<p style=\"text-align: center;\">1. Identificaci\u00f3n del titular del sitio web<\/p><p style=\"text-align: center;\">Empresa:\u00a0PELLETS LENA ECOL\u00d3GICA<\/p><p style=\"text-align: center;\">Forma jur\u00eddica: Sociedad de Responsabilidad Limitada (Lda.)<\/p><p style=\"text-align: center;\">Direcci\u00f3n: Avda. Stos. Patronos 71-b, Sagunto ( Valencia ) 46520, Espa\u00f1a<\/p><p style=\"text-align: center;\">N\u00famero de Identificaci\u00f3n Fiscal (CPF): 516832603<\/p><p style=\"text-align: center;\">C\u00f3digo de Actividad Econ\u00f3mica (CAE) (PT 2008): 02200 \u2013 Explotaci\u00f3n Forestal<\/p><p style=\"text-align: center;\">Correo electr\u00f3nico:\u00a0contacto@pelletslenaecologica.es<\/p><p style=\"text-align: center;\"><a href=\"https:\/\/pelletdelsureste.es\/\">PELLET DEL SURESTE<\/a>\u00a0es propietaria y responsable del sitio web de comercio electr\u00f3nico de\u00a0<a href=\"https:\/\/pelletdelsureste.es\/\">PELLET DEL SURESTE<\/a>\u00a0y pellets de madera, disponible en:<\/p><p style=\"text-align: center;\">pelletslenaecologica.es<\/p><p style=\"text-align: center;\">2. Propiedad intelectual<\/p><p style=\"text-align: center;\">Todos los contenidos, textos, im\u00e1genes, logotipos, marcas comerciales y elementos gr\u00e1ficos presentes en este sitio web son propiedad exclusiva de Lenhas Do Sor Ltda., salvo indicaci\u00f3n contraria.<\/p><p style=\"text-align: center;\">Cualquier reproducci\u00f3n, distribuci\u00f3n o uso sin autorizaci\u00f3n previa queda estrictamente prohibido y podr\u00e1 dar lugar a responsabilidades civiles y penales en virtud de la legislaci\u00f3n portuguesa y europea en materia de propiedad intelectual.<\/p><p style=\"text-align: center;\">3. Limitaci\u00f3n de responsabilidad<\/p><p style=\"text-align: center;\">SEU GRANULOS PELLETS se compromete a:<\/p><p style=\"text-align: center;\">Garantizar, en la medida de lo posible, la exactitud de la informaci\u00f3n proporcionada en el sitio web.<\/p><p style=\"text-align: center;\">Corregir cualquier error u omisi\u00f3n tan pronto como se detecte.<\/p><p style=\"text-align: center;\">Sin embargo, la empresa no se responsabiliza de:<\/p><p style=\"text-align: center;\">Interrupciones temporales del sitio web debido a mantenimiento o problemas t\u00e9cnicos.<\/p><p style=\"text-align: center;\">Da\u00f1os indirectos derivados del uso del sitio web o su indisponibilidad.<\/p><p style=\"text-align: center;\">Virus o fallos t\u00e9cnicos ajenos a nuestro control.<\/p><p style=\"text-align: center;\">4. Datos personales y cookies<\/p><p style=\"text-align: center;\">El tratamiento de datos personales se realiza de conformidad con el Reglamento General de Protecci\u00f3n de Datos (RGPD \u2013 UE 2016\/679) y la legislaci\u00f3n portuguesa aplicable.<\/p><p style=\"text-align: center;\">Consulte nuestra [Pol\u00edtica de privacidad] y [Pol\u00edtica de cookies] para obtener informaci\u00f3n detallada.<\/p><p style=\"text-align: center;\">Puede ejercer sus derechos de acceso, rectificaci\u00f3n, supresi\u00f3n y oposici\u00f3n enviando una solicitud a:<\/p><p style=\"text-align: center;\">5. Ley Aplicable y Jurisdicci\u00f3n<\/p><p style=\"text-align: center;\">Estas disposiciones legales se rigen por la legislaci\u00f3n portuguesa.<\/p><p style=\"text-align: center;\">Cualquier controversia se someter\u00e1 a la jurisdicci\u00f3n exclusiva de los tribunales del Distrito de Ponte .<\/p>\t\t\t\t\t\t\t\t<\/div>\n\t\t\t\t\t<\/div>\n\t\t\t\t<\/div>\n\t\t\t\t<\/div>\n\t\t","protected":false},"excerpt":{"rendered":"<p>1. Identificaci\u00f3n del titular del sitio web Empresa:\u00a0PELLETS LENA ECOL\u00d3GICA Forma jur\u00eddica: Sociedad de Responsabilidad Limitada (Lda.) Direcci\u00f3n: Avda. Stos. Patronos 71-b, Sagunto ( Valencia ) 46520, Espa\u00f1a N\u00famero de Identificaci\u00f3n Fiscal (CPF): 516832603 C\u00f3digo de Actividad Econ\u00f3mica (CAE) (PT 2008): 02200 \u2013 Explotaci\u00f3n Forestal Correo electr\u00f3nico:\u00a0contacto@pelletslenaecologica.es PELLET DEL SURESTE\u00a0es propietaria y responsable del sitio<\/p>\n<div class=\"klb-readmore button\"><a class=\"btn link\" href=\"https:\/\/pelletslenaecologica.es\/?page_id=3991\">Read More <i class=\"klbth-icon-right-arrow\"><\/i><\/a><\/div>\n","protected":false},"author":1,"featured_media":0,"parent":0,"menu_order":0,"comment_status":"closed","ping_status":"closed","template":"","meta":{"footnotes":""},"class_list":["post-3991","page","type-page","status-publish","hentry"],"_hostinger_reach_plugin_has_subscription_block":false,"_hostinger_reach_plugin_is_elementor":false,"jetpack_sharing_enabled":true,"_links":{"self":[{"href":"https:\/\/pelletslenaecologica.es\/index.php?rest_route=\/wp\/v2\/pages\/3991","targetHints":{"allow":["GET"]}}],"collection":[{"href":"https:\/\/pelletslenaecologica.es\/index.php?rest_route=\/wp\/v2\/pages"}],"about":[{"href":"https:\/\/pelletslenaecologica.es\/index.php?rest_route=\/wp\/v2\/types\/page"}],"author":[{"embeddable":true,"href":"https:\/\/pelletslenaecologica.es\/index.php?rest_route=\/wp\/v2\/users\/1"}],"replies":[{"embeddable":true,"href":"https:\/\/pelletslenaecologica.es\/index.php?rest_route=%2Fwp%2Fv2%2Fcomments&post=3991"}],"version-history":[{"count":4,"href":"https:\/\/pelletslenaecologica.es\/index.php?rest_route=\/wp\/v2\/pages\/3991\/revisions"}],"predecessor-version":[{"id":4265,"href":"https:\/\/pelletslenaecologica.es\/index.php?rest_route=\/wp\/v2\/pages\/3991\/revisions\/4265"}],"wp:attachment":[{"href":"https:\/\/pelletslenaecologica.es\/index.php?rest_route=%2Fwp%2Fv2%2Fmedia&parent=3991"}],"curies":[{"name":"wp","href":"https:\/\/api.w.org\/{rel}","templated":true}]}}