{"id":3990,"date":"2025-12-12T00:34:53","date_gmt":"2025-12-11T23:34:53","guid":{"rendered":"https:\/\/pelletslenaecologica.es\/?page_id=3990"},"modified":"2025-12-13T16:27:57","modified_gmt":"2025-12-13T15:27:57","slug":"pago-seguro","status":"publish","type":"page","link":"https:\/\/pelletslenaecologica.es\/?page_id=3990","title":{"rendered":"Pago seguro"},"content":{"rendered":"\t\t<div data-elementor-type=\"wp-page\" data-elementor-id=\"3990\" class=\"elementor elementor-3990\">\n\t\t\t\t<div class=\"elementor-element elementor-element-de7823a e-flex e-con-boxed e-con e-parent\" data-id=\"de7823a\" data-element_type=\"container\">\n\t\t\t\t\t<div class=\"e-con-inner\">\n\t\t\t\t\t<\/div>\n\t\t\t\t<\/div>\n\t\t<div class=\"elementor-element elementor-element-b8973df e-flex e-con-boxed e-con e-parent\" data-id=\"b8973df\" data-element_type=\"container\">\n\t\t\t\t\t<div class=\"e-con-inner\">\n\t\t\t\t<div class=\"elementor-element elementor-element-fa36c40 elementor-widget elementor-widget-text-editor\" data-id=\"fa36c40\" data-element_type=\"widget\" data-widget_type=\"text-editor.default\">\n\t\t\t\t\t\t\t\t\t<p style=\"text-align: center;\">PELLETS LENA ECOL\u00d3GICA, la seguridad de sus pagos es nuestra prioridad.<\/p><p style=\"text-align: center;\">Todas las transacciones realizadas en nuestro sitio web est\u00e1n encriptadas y protegidas, garantizando la confidencialidad de su informaci\u00f3n bancaria.<\/p><p style=\"text-align: center;\">1. M\u00e9todos de pago aceptados<\/p><p style=\"text-align: center;\">Aceptamos los siguientes m\u00e9todos de pago:<\/p><p style=\"text-align: center;\">Tarjeta bancaria (Visa, Mastercard, Maestro)<\/p><p style=\"text-align: center;\">Transferencia bancaria<\/p><p style=\"text-align: center;\">2. Seguridad de las transacciones<\/p><p style=\"text-align: center;\">Todas las transacciones est\u00e1n protegidas mediante cifrado SSL (Secure Socket Layer).<\/p><p style=\"text-align: center;\">La informaci\u00f3n de su tarjeta no se almacena en nuestro sitio web.<\/p><p style=\"text-align: center;\">Los pagos con tarjeta son procesados por una entidad certificada.<\/p><p style=\"text-align: center;\">3. Verificaci\u00f3n y prevenci\u00f3n del fraude<\/p><p style=\"text-align: center;\">Para garantizar la seguridad de las transacciones:<\/p><p style=\"text-align: center;\">Se podr\u00eda solicitar 3D Secure para los pagos con tarjeta.<\/p><p style=\"text-align: center;\">Nuestro sistema podr\u00eda verificar o cancelar los pagos sospechosos.<\/p><p style=\"text-align: center;\">El pedido solo se procesar\u00e1 tras la confirmaci\u00f3n del pago.<\/p><p style=\"text-align: center;\">4. Contacto<\/p><p style=\"text-align: center;\">Para cualquier consulta sobre pagos seguros\u00a0<a href=\"https:\/\/pelletdelsureste.es\/\">PELLET DEL SURES<\/a><\/p>\t\t\t\t\t\t\t\t<\/div>\n\t\t\t\t\t<\/div>\n\t\t\t\t<\/div>\n\t\t\t\t<\/div>\n\t\t","protected":false},"excerpt":{"rendered":"<p>PELLETS LENA ECOL\u00d3GICA, la seguridad de sus pagos es nuestra prioridad. Todas las transacciones realizadas en nuestro sitio web est\u00e1n encriptadas y protegidas, garantizando la confidencialidad de su informaci\u00f3n bancaria. 1. M\u00e9todos de pago aceptados Aceptamos los siguientes m\u00e9todos de pago: Tarjeta bancaria (Visa, Mastercard, Maestro) Transferencia bancaria 2. Seguridad de las transacciones Todas las<\/p>\n<div class=\"klb-readmore button\"><a class=\"btn link\" href=\"https:\/\/pelletslenaecologica.es\/?page_id=3990\">Read More <i class=\"klbth-icon-right-arrow\"><\/i><\/a><\/div>\n","protected":false},"author":1,"featured_media":0,"parent":0,"menu_order":0,"comment_status":"closed","ping_status":"closed","template":"","meta":{"footnotes":""},"class_list":["post-3990","page","type-page","status-publish","hentry"],"_hostinger_reach_plugin_has_subscription_block":false,"_hostinger_reach_plugin_is_elementor":false,"jetpack_sharing_enabled":true,"_links":{"self":[{"href":"https:\/\/pelletslenaecologica.es\/index.php?rest_route=\/wp\/v2\/pages\/3990","targetHints":{"allow":["GET"]}}],"collection":[{"href":"https:\/\/pelletslenaecologica.es\/index.php?rest_route=\/wp\/v2\/pages"}],"about":[{"href":"https:\/\/pelletslenaecologica.es\/index.php?rest_route=\/wp\/v2\/types\/page"}],"author":[{"embeddable":true,"href":"https:\/\/pelletslenaecologica.es\/index.php?rest_route=\/wp\/v2\/users\/1"}],"replies":[{"embeddable":true,"href":"https:\/\/pelletslenaecologica.es\/index.php?rest_route=%2Fwp%2Fv2%2Fcomments&post=3990"}],"version-history":[{"count":4,"href":"https:\/\/pelletslenaecologica.es\/index.php?rest_route=\/wp\/v2\/pages\/3990\/revisions"}],"predecessor-version":[{"id":4258,"href":"https:\/\/pelletslenaecologica.es\/index.php?rest_route=\/wp\/v2\/pages\/3990\/revisions\/4258"}],"wp:attachment":[{"href":"https:\/\/pelletslenaecologica.es\/index.php?rest_route=%2Fwp%2Fv2%2Fmedia&parent=3990"}],"curies":[{"name":"wp","href":"https:\/\/api.w.org\/{rel}","templated":true}]}}