{"id":3981,"date":"2025-12-12T00:33:33","date_gmt":"2025-12-11T23:33:33","guid":{"rendered":"https:\/\/pelletslenaecologica.es\/?page_id=3981"},"modified":"2025-12-13T16:32:13","modified_gmt":"2025-12-13T15:32:13","slug":"politica-de-privacidad","status":"publish","type":"page","link":"https:\/\/pelletslenaecologica.es\/?page_id=3981","title":{"rendered":"POL\u00cdTICA DE PRIVACIDAD"},"content":{"rendered":"\t\t<div data-elementor-type=\"wp-page\" data-elementor-id=\"3981\" class=\"elementor elementor-3981\">\n\t\t\t\t<div class=\"elementor-element elementor-element-5561730 e-flex e-con-boxed e-con e-parent\" data-id=\"5561730\" data-element_type=\"container\">\n\t\t\t\t\t<div class=\"e-con-inner\">\n\t\t\t\t<div class=\"elementor-element elementor-element-5e11327 elementor-widget elementor-widget-text-editor\" data-id=\"5e11327\" data-element_type=\"widget\" data-widget_type=\"text-editor.default\">\n\t\t\t\t\t\t\t\t\t<p style=\"text-align: center;\">Pol\u00edtica de Privacidad<\/p>\n<p style=\"text-align: center;\">En PELLETS LENA ECOL\u00d3GICA, damos gran importancia a la protecci\u00f3n de los datos personales de nuestros clientes y visitantes de nuestro sitio web.<\/p>\n<p style=\"text-align: center;\">Esta Pol\u00edtica de Privacidad explica:<\/p>\n<p style=\"text-align: center;\">Qu\u00e9 datos recopilamos<\/p>\n<p style=\"text-align: center;\">C\u00f3mo los usamos y protegemos<\/p>\n<p style=\"text-align: center;\">Cu\u00e1les son sus derechos seg\u00fan la legislaci\u00f3n aplicable<\/p>\n<p style=\"text-align: center;\">1. Identificaci\u00f3n del Responsable del Tratamiento<\/p>\n<p style=\"text-align: center;\">Empresa:&nbsp;<a href=\"https:\/\/pelletdelsureste.es\/\">PELLET DEL SURESTE<\/a><\/p>\n<p style=\"text-align: center;\">Direcci\u00f3n:&nbsp;Avda. Stos. Patronos 71-b, Sagunto ( Valencia ) 46520<\/p>\n<p style=\"text-align: center;\">CPF: 516832603<\/p>\n<p style=\"text-align: center;\">Correo electr\u00f3nico:&nbsp;contacto@pelletslenaecologica.es<\/p>\n<p style=\"text-align: center;\">2. Datos Personales Recopilados<\/p>\n<p style=\"text-align: center;\">Solo recopilamos los datos estrictamente necesarios para:<\/p>\n<p style=\"text-align: center;\">Procesar pedidos<\/p>\n<p style=\"text-align: center;\">Mejorar su experiencia en nuestro sitio web<\/p>\n<p style=\"text-align: center;\">Tipos de datos recopilados:<\/p>\n<p style=\"text-align: center;\">Durante el pedido:<\/p>\n<p style=\"text-align: center;\">Nombre y apellidos<\/p>\n<p style=\"text-align: center;\">Direcci\u00f3n de entrega y facturaci\u00f3n<\/p>\n<p style=\"text-align: center;\">Correo electr\u00f3nico y n\u00famero de tel\u00e9fono<\/p>\n<p style=\"text-align: center;\">Datos de pago (procesados por plataformas seguras)<\/p>\n<p style=\"text-align: center;\">Durante la navegaci\u00f3n en el sitio web:<\/p>\n<p style=\"text-align: center;\">Direcci\u00f3n IP y datos de la sesi\u00f3n<\/p>\n<p style=\"text-align: center;\">Cookies y preferencias del usuario<\/p>\n<p style=\"text-align: center;\">Historial de p\u00e1ginas visitadas (con fines estad\u00edsticos)<\/p>\n<p style=\"text-align: center;\">No recopilamos datos sensibles (como datos de salud, religi\u00f3n o opiniones pol\u00edticas).<\/p>\n<p style=\"text-align: center;\">3. Finalidad del uso de datos<\/p>\n<p style=\"text-align: center;\">Los datos personales se utilizan para:<\/p>\n<p style=\"text-align: center;\">Procesar y entregar pedidos<\/p>\n<p style=\"text-align: center;\">Comunicarse con el cliente (confirmaciones, env\u00edos y atenci\u00f3n al cliente)<\/p>\n<p style=\"text-align: center;\">Mejorar el sitio web y personalizar la experiencia del usuario<\/p>\n<p style=\"text-align: center;\">Enviar comunicaciones comerciales (con consentimiento previo)<\/p>\n<p style=\"text-align: center;\">4. Base legal del tratamiento<\/p>\n<p style=\"text-align: center;\">El tratamiento de datos personales se basa en:<\/p>\n<p style=\"text-align: center;\">Ejecuci\u00f3n del contrato (gesti\u00f3n de pedidos)<\/p>\n<p style=\"text-align: center;\">Consentimiento del interesado (para boletines informativos o campa\u00f1as promocionales)<\/p>\n<p style=\"text-align: center;\">Inter\u00e9s leg\u00edtimo (prevenci\u00f3n del fraude y mejora del servicio)<\/p>\n<p style=\"text-align: center;\">5. Periodo de conservaci\u00f3n de datos<\/p>\n<p style=\"text-align: center;\">Los datos se conservan:<\/p>\n<p style=\"text-align: center;\">Durante la relaci\u00f3n comercial activa con el cliente<\/p>\n<p style=\"text-align: center;\">Hasta 10 a\u00f1os para cumplir con las obligaciones fiscales y legales<\/p>\n<p style=\"text-align: center;\">Se eliminan o anonimizan una vez transcurridos los plazos legales<\/p>\n<p style=\"text-align: center;\">6. Intercambio de datos personales<\/p>\n<p style=\"text-align: center;\">Sus datos solo podr\u00e1n compartirse con:<\/p>\n<p style=\"text-align: center;\">Empresas de transporte para la entrega de productos<\/p>\n<p style=\"text-align: center;\">Plataformas de pago seguras<\/p>\n<p style=\"text-align: center;\">Autoridades legales, si as\u00ed lo exige la ley<\/p>\n<p style=\"text-align: center;\">Lenhas Do Sor Ltda no vende ni alquila Datos personales a terceros.<\/p>\n<p style=\"text-align: center;\">Todos nuestros socios cumplen con el RGPD y garantizan la confidencialidad de los datos.<\/p>\n<p style=\"text-align: center;\">7. Seguridad de Datos<\/p>\n<p style=\"text-align: center;\">Medidas de seguridad implementadas:<\/p>\n<p style=\"text-align: center;\">Cifrado SSL para transacciones<\/p>\n<p style=\"text-align: center;\">Copias de seguridad peri\u00f3dicas<\/p>\n<p style=\"text-align: center;\">Acceso restringido a empleados autorizados<\/p>\n<p style=\"text-align: center;\">8. Derechos del Titular de los Datos<\/p>\n<p style=\"text-align: center;\">Seg\u00fan el RGPD (UE 2016\/679), el cliente tiene derecho a:<\/p>\n<p style=\"text-align: center;\">Acceder a sus datos<\/p>\n<p style=\"text-align: center;\">Rectificaci\u00f3n o actualizaci\u00f3n<\/p>\n<p style=\"text-align: center;\">Supresi\u00f3n (derecho al olvido)<\/p>\n<p style=\"text-align: center;\">Restricci\u00f3n u oposici\u00f3n al tratamiento<\/p>\n<p style=\"text-align: center;\">Portabilidad de datos<\/p>\n<p style=\"text-align: center;\">Para ejercer estos derechos, p\u00f3ngase en contacto con nosotros por correo electr\u00f3nico:<\/p>\n<p style=\"text-align: center;\">En caso de controversia, puede presentar una reclamaci\u00f3n ante la CNPD (Comisi\u00f3n Nacional de Protecci\u00f3n de Datos):<\/p>\n<p style=\"text-align: center;\">https:\/\/www.cnpd.pt<\/p>\n<p style=\"text-align: center;\">9. Cookies<\/p>\n<p style=\"text-align: center;\">Nuestro sitio web utiliza cookies para:<\/p>\n<p style=\"text-align: center;\">Garantizar el correcto funcionamiento (cookies t\u00e9cnicas)<\/p>\n<p style=\"text-align: center;\">Analizar el tr\u00e1fico y mejorar los servicios (cookies anal\u00edticas)<\/p>\n<p style=\"text-align: center;\">Ofrecer experiencias personalizadas (cookies de preferencia)<\/p>\n<p style=\"text-align: center;\">Los usuarios pueden desactivar las cookies en la configuraci\u00f3n de su navegador en cualquier momento.<\/p>\n<p style=\"text-align: center;\">10. Cambios en la Pol\u00edtica de Privacidad<\/p>\n<p style=\"text-align: center;\">Nos reservamos el derecho a actualizar esta pol\u00edtica en cualquier momento.<\/p>\n<p style=\"text-align: center;\">La versi\u00f3n m\u00e1s reciente siempre estar\u00e1 disponible en nuestro sitio web.<\/p>\t\t\t\t\t\t\t\t<\/div>\n\t\t\t\t\t<\/div>\n\t\t\t\t<\/div>\n\t\t\t\t<\/div>\n\t\t","protected":false},"excerpt":{"rendered":"<p>Pol\u00edtica de Privacidad En PELLETS LENA ECOL\u00d3GICA, damos gran importancia a la protecci\u00f3n de los datos personales de nuestros clientes y visitantes de nuestro sitio web. Esta Pol\u00edtica de Privacidad explica: Qu\u00e9 datos recopilamos C\u00f3mo los usamos y protegemos Cu\u00e1les son sus derechos seg\u00fan la legislaci\u00f3n aplicable 1. Identificaci\u00f3n del Responsable del Tratamiento Empresa:&nbsp;PELLET DEL<\/p>\n<div class=\"klb-readmore button\"><a class=\"btn link\" href=\"https:\/\/pelletslenaecologica.es\/?page_id=3981\">Read More <i class=\"klbth-icon-right-arrow\"><\/i><\/a><\/div>\n","protected":false},"author":1,"featured_media":0,"parent":0,"menu_order":0,"comment_status":"closed","ping_status":"closed","template":"","meta":{"footnotes":""},"class_list":["post-3981","page","type-page","status-publish","hentry"],"_hostinger_reach_plugin_has_subscription_block":false,"_hostinger_reach_plugin_is_elementor":false,"jetpack_sharing_enabled":true,"_links":{"self":[{"href":"https:\/\/pelletslenaecologica.es\/index.php?rest_route=\/wp\/v2\/pages\/3981","targetHints":{"allow":["GET"]}}],"collection":[{"href":"https:\/\/pelletslenaecologica.es\/index.php?rest_route=\/wp\/v2\/pages"}],"about":[{"href":"https:\/\/pelletslenaecologica.es\/index.php?rest_route=\/wp\/v2\/types\/page"}],"author":[{"embeddable":true,"href":"https:\/\/pelletslenaecologica.es\/index.php?rest_route=\/wp\/v2\/users\/1"}],"replies":[{"embeddable":true,"href":"https:\/\/pelletslenaecologica.es\/index.php?rest_route=%2Fwp%2Fv2%2Fcomments&post=3981"}],"version-history":[{"count":4,"href":"https:\/\/pelletslenaecologica.es\/index.php?rest_route=\/wp\/v2\/pages\/3981\/revisions"}],"predecessor-version":[{"id":4262,"href":"https:\/\/pelletslenaecologica.es\/index.php?rest_route=\/wp\/v2\/pages\/3981\/revisions\/4262"}],"wp:attachment":[{"href":"https:\/\/pelletslenaecologica.es\/index.php?rest_route=%2Fwp%2Fv2%2Fmedia&parent=3981"}],"curies":[{"name":"wp","href":"https:\/\/api.w.org\/{rel}","templated":true}]}}