{"id":3980,"date":"2025-12-12T00:33:07","date_gmt":"2025-12-11T23:33:07","guid":{"rendered":"https:\/\/pelletslenaecologica.es\/?page_id=3980"},"modified":"2025-12-13T16:47:11","modified_gmt":"2025-12-13T15:47:11","slug":"terminos-y-condiciones-de-venta","status":"publish","type":"page","link":"https:\/\/pelletslenaecologica.es\/?page_id=3980","title":{"rendered":"T\u00c9RMINOS Y CONDICIONES DE VENTA"},"content":{"rendered":"\t\t<div data-elementor-type=\"wp-page\" data-elementor-id=\"3980\" class=\"elementor elementor-3980\">\n\t\t\t\t<div class=\"elementor-element elementor-element-ba7e93e e-flex e-con-boxed e-con e-parent\" data-id=\"ba7e93e\" data-element_type=\"container\">\n\t\t\t\t\t<div class=\"e-con-inner\">\n\t\t\t\t<div class=\"elementor-element elementor-element-c14e76c elementor-widget elementor-widget-text-editor\" data-id=\"c14e76c\" data-element_type=\"widget\" data-widget_type=\"text-editor.default\">\n\t\t\t\t\t\t\t\t\t<p style=\"text-align: center;\">Condiciones Generales de Venta<\/p><p style=\"text-align: center;\">Estas Condiciones Generales de Venta (CGV) regulan el acceso y el uso del sitio web de comercio electr\u00f3nico de Lenhas Do Sor Ltda, as\u00ed como las compras realizadas por sus clientes.<\/p><p style=\"text-align: center;\">1. Identificaci\u00f3n de la empresa<\/p><p style=\"text-align: center;\">Empresa:\u00a0PELLETS LENA ECOL\u00d3GICA<\/p><p style=\"text-align: center;\">Avda. Stos. Patronos 71-b, Sagunto ( Valencia ) 46520, Espa\u00f1a<\/p><p style=\"text-align: center;\">CAE (PT 2008): 02200 \u2013 Explotaciones forestales<\/p><p style=\"text-align: center;\">CPF: 516832603<\/p><p style=\"text-align: center;\">Correo electr\u00f3nico de contacto:\u00a0\u00a0contacto@pelletslenaecologica.es<\/p><p style=\"text-align: center;\">2. Objeto y \u00e1mbito de aplicaci\u00f3n<\/p><p style=\"text-align: center;\">Las presentes Condiciones Generales se aplican a todos los pedidos realizados a trav\u00e9s del sitio web de Lenhas Do Sor Lda. y regulan los derechos y obligaciones de ambas partes:<\/p><p style=\"text-align: center;\">Vendedor: Lenhas Do Sor Ltda.<\/p><p style=\"text-align: center;\">Cliente: cualquier persona f\u00edsica o jur\u00eddica que realice una compra en el sitio web.<\/p><p style=\"text-align: center;\">El cliente debe leer atentamente estas condiciones antes de realizar cualquier pedido.<\/p><p style=\"text-align: center;\">3. Productos y Disponibilidad<\/p><p style=\"text-align: center;\">Los productos vendidos son combustibles para uso dom\u00e9stico, a saber:<\/p><p style=\"text-align: center;\">Le\u00f1a para calefacci\u00f3n<\/p><p style=\"text-align: center;\">Pellets de madera<\/p><p style=\"text-align: center;\">Lenhas Do Sor Ltda se reserva el derecho a:<\/p><p style=\"text-align: center;\">Modificar la disponibilidad de los productos en cualquier momento<\/p><p style=\"text-align: center;\">Actualizar precios y campa\u00f1as promocionales sin previo aviso<\/p><p style=\"text-align: center;\">4. Precios y Pagos<\/p><p style=\"text-align: center;\">Todos los precios mostrados incluyen el IVA al tipo legal vigente en Portugal.<\/p><p style=\"text-align: center;\">El precio final indicado en el momento de la compra incluye los impuestos y cargos aplicables.<\/p><p style=\"text-align: center;\">M\u00e9todos de pago aceptados:<\/p><p style=\"text-align: center;\">Tarjeta de cr\u00e9dito\/d\u00e9bito<\/p><p style=\"text-align: center;\">Transferencia bancaria<\/p><p style=\"text-align: center;\">El pedido se procesar\u00e1 \u00fanicamente tras la confirmaci\u00f3n del pago.<\/p><p style=\"text-align: center;\">5. Proceso del Pedido<\/p><p style=\"text-align: center;\">El cliente selecciona los productos deseados y los a\u00f1ade al carrito.<\/p><p style=\"text-align: center;\">Confirma el pedido y los datos de env\u00edo.<\/p><p style=\"text-align: center;\">Realiza el pago mediante los m\u00e9todos disponibles.<\/p><p style=\"text-align: center;\">Recibe un correo electr\u00f3nico de confirmaci\u00f3n del pedido.<\/p><p style=\"text-align: center;\">Lenhas Do Sor Lda se reserva el derecho a cancelar o rechazar cualquier pedido en caso de:<\/p><p style=\"text-align: center;\">Pago no confirmado.<\/p><p style=\"text-align: center;\">Informaci\u00f3n incorrecta o incompleta.<\/p><p style=\"text-align: center;\">Indisponibilidad temporal de stock.<\/p><p style=\"text-align: center;\">6. Entregas<\/p><p style=\"text-align: center;\">Realizamos env\u00edos a toda Portugal continental.<\/p><p style=\"text-align: center;\">Plazo de entrega habitual: de 2 a 7 d\u00edas laborables, salvo en caso de rotura de stock.<\/p><p style=\"text-align: center;\">El cliente debe asegurarse de que el lugar de entrega sea accesible para el transporte de los productos.<\/p><p style=\"text-align: center;\">En caso de retraso o imposibilidad de entrega, se informar\u00e1 al cliente.<\/p><p style=\"text-align: center;\">7. Garant\u00eda y conformidad<\/p><p style=\"text-align: center;\">Los productos suministrados se benefician de la garant\u00eda legal de conformidad prevista en el Decreto-Ley n.\u00ba 84\/2021.<\/p><p style=\"text-align: center;\">Lenhas Do Sor Ltda se compromete a sustituir o reembolsar los productos:<\/p><p style=\"text-align: center;\">Que presenten defectos de calidad.<\/p><p style=\"text-align: center;\">Que hayan sufrido da\u00f1os durante el transporte (previa presentaci\u00f3n de una prueba fotogr\u00e1fica en el momento de la entrega).<\/p><p style=\"text-align: center;\">8. Derecho de desistimiento (Devoluciones)<\/p><p style=\"text-align: center;\">De conformidad con la Ley de Protecci\u00f3n del Consumidor (DL 24\/2014), el cliente dispone de 14 d\u00edas para desistir del contrato sin necesidad de justificaci\u00f3n.<\/p><p style=\"text-align: center;\">Condiciones:<\/p><p style=\"text-align: center;\">El producto debe devolverse sin usar y en su embalaje original.<\/p><p style=\"text-align: center;\">Los gastos de env\u00edo de la devoluci\u00f3n corren a cargo del cliente, excepto en caso de defectos del producto.<\/p><p style=\"text-align: center;\">El reembolso se realizar\u00e1 en un plazo de 14 d\u00edas desde la recepci\u00f3n de los productos devueltos.<\/p><p style=\"text-align: center;\">9. Reclamaciones y Atenci\u00f3n al Cliente<\/p><p style=\"text-align: center;\">Correo electr\u00f3nico:\u00a0contacto@pelletslenaecologica.es<\/p><p style=\"text-align: center;\">El cliente tambi\u00e9n puede recurrir a la Plataforma Europea de Resoluci\u00f3n de Litigios en L\u00ednea (ODR):<\/p><p style=\"text-align: center;\">https:\/\/ec.europa.eu\/consumers\/odr<\/p><p style=\"text-align: center;\">10. Protecci\u00f3n de Datos Personales<\/p><p style=\"text-align: center;\">El tratamiento de datos personales se realiza de conformidad con el Reglamento General de Protecci\u00f3n de Datos (RGPD \u2013 UE 2016\/679).<\/p><p style=\"text-align: center;\">Datos recopilados: nombre, direcci\u00f3n, tel\u00e9fono de contacto, correo electr\u00f3nico<\/p><p style=\"text-align: center;\">Finalidad: tramitaci\u00f3n de pedidos y comunicaci\u00f3n comercial<\/p><p style=\"text-align: center;\">El cliente puede ejercer sus derechos de acceso, rectificaci\u00f3n o supresi\u00f3n a trav\u00e9s del correo electr\u00f3nico:\u00a0\u00a0<a href=\"https:\/\/pelletdelsureste.es\/\">pedido@pelletdelsureste.es<\/a><\/p><p style=\"text-align: center;\">11. Legislaci\u00f3n Aplicable y Jurisdicci\u00f3n<\/p><p style=\"text-align: center;\">Estos T\u00e9rminos y Condiciones se rigen por la legislaci\u00f3n portuguesa. En caso de litigio, ser\u00e1 competente el Juzgado del Distrito de Ponte de Sor, con exclusi\u00f3n de cualquier otro.<\/p>\t\t\t\t\t\t\t\t<\/div>\n\t\t\t\t\t<\/div>\n\t\t\t\t<\/div>\n\t\t\t\t<\/div>\n\t\t","protected":false},"excerpt":{"rendered":"<p>Condiciones Generales de Venta Estas Condiciones Generales de Venta (CGV) regulan el acceso y el uso del sitio web de comercio electr\u00f3nico de Lenhas Do Sor Ltda, as\u00ed como las compras realizadas por sus clientes. 1. Identificaci\u00f3n de la empresa Empresa:\u00a0PELLETS LENA ECOL\u00d3GICA Avda. Stos. Patronos 71-b, Sagunto ( Valencia ) 46520, Espa\u00f1a CAE (PT<\/p>\n<div class=\"klb-readmore button\"><a class=\"btn link\" href=\"https:\/\/pelletslenaecologica.es\/?page_id=3980\">Read More <i class=\"klbth-icon-right-arrow\"><\/i><\/a><\/div>\n","protected":false},"author":1,"featured_media":0,"parent":0,"menu_order":0,"comment_status":"closed","ping_status":"closed","template":"","meta":{"footnotes":""},"class_list":["post-3980","page","type-page","status-publish","hentry"],"_hostinger_reach_plugin_has_subscription_block":false,"_hostinger_reach_plugin_is_elementor":false,"jetpack_sharing_enabled":true,"_links":{"self":[{"href":"https:\/\/pelletslenaecologica.es\/index.php?rest_route=\/wp\/v2\/pages\/3980","targetHints":{"allow":["GET"]}}],"collection":[{"href":"https:\/\/pelletslenaecologica.es\/index.php?rest_route=\/wp\/v2\/pages"}],"about":[{"href":"https:\/\/pelletslenaecologica.es\/index.php?rest_route=\/wp\/v2\/types\/page"}],"author":[{"embeddable":true,"href":"https:\/\/pelletslenaecologica.es\/index.php?rest_route=\/wp\/v2\/users\/1"}],"replies":[{"embeddable":true,"href":"https:\/\/pelletslenaecologica.es\/index.php?rest_route=%2Fwp%2Fv2%2Fcomments&post=3980"}],"version-history":[{"count":4,"href":"https:\/\/pelletslenaecologica.es\/index.php?rest_route=\/wp\/v2\/pages\/3980\/revisions"}],"predecessor-version":[{"id":4270,"href":"https:\/\/pelletslenaecologica.es\/index.php?rest_route=\/wp\/v2\/pages\/3980\/revisions\/4270"}],"wp:attachment":[{"href":"https:\/\/pelletslenaecologica.es\/index.php?rest_route=%2Fwp%2Fv2%2Fmedia&parent=3980"}],"curies":[{"name":"wp","href":"https:\/\/api.w.org\/{rel}","templated":true}]}}